{"id":1069,"date":"2022-07-07T12:02:50","date_gmt":"2022-07-07T12:02:50","guid":{"rendered":"https:\/\/xn--dieschottersmhle-vzb.de\/?page_id=1069"},"modified":"2025-09-09T10:08:55","modified_gmt":"2025-09-09T10:08:55","slug":"oeffnungszeiten","status":"publish","type":"page","link":"https:\/\/xn--dieschottersmhle-vzb.de\/?page_id=1069","title":{"rendered":"\u00d6ffnungszeiten"},"content":{"rendered":"<div data-colibri-id=\"1069-c1\" class=\"style-878 style-local-1069-c1 position-relative\">\n  <!---->\n  <div data-colibri-component=\"section\" data-colibri-id=\"1069-c2\" id=\"about\" class=\"h-section h-section-global-spacing d-flex align-items-lg-center align-items-md-center align-items-center style-879 style-local-1069-c2 position-relative\">\n    <!---->\n    <!---->\n    <div class=\"h-section-grid-container h-section-boxed-container\">\n      <!---->\n      <div data-colibri-id=\"1069-c3\" class=\"h-row-container gutters-row-lg-0 gutters-row-md-0 gutters-row-0 gutters-row-v-lg-0 gutters-row-v-md-0 gutters-row-v-0 style-880 style-local-1069-c3 position-relative\">\n        <!---->\n        <div class=\"h-row justify-content-lg-center justify-content-md-center justify-content-center align-items-lg-stretch align-items-md-stretch align-items-stretch gutters-col-lg-0 gutters-col-md-0 gutters-col-0 gutters-col-v-lg-0 gutters-col-v-md-0 gutters-col-v-0\">\n          <!---->\n          <div class=\"h-column h-column-container d-flex h-col-lg-auto h-col-md-auto h-col-auto style-881-outer style-local-1069-c4-outer\">\n            <div data-colibri-id=\"1069-c4\" class=\"d-flex h-flex-basis h-column__inner h-px-lg-0 h-px-md-0 h-px-0 v-inner-lg-0 v-inner-md-0 v-inner-0 style-881 style-local-1069-c4 position-relative\">\n              <!---->\n              <!---->\n              <div class=\"w-100 h-y-container h-column__content h-column__v-align flex-basis-100 align-self-lg-start align-self-md-start align-self-start\">\n                <!---->\n                <div data-colibri-id=\"1069-c5\" class=\"h-global-transition-all h-heading style-882 style-local-1069-c5 position-relative h-element\">\n                  <!---->\n                  <div class=\"h-heading__outer style-882 style-local-1069-c5\">\n                    <!---->\n                    <!---->\n                    <h5 class=\"\">\u00d6ffnungszeiten<\/h5>\n                  <\/div>\n                <\/div>\n                <div data-colibri-id=\"1069-c6\" class=\"h-global-transition-all h-heading style-883 style-local-1069-c6 position-relative h-element\">\n                  <!---->\n                  <div class=\"h-heading__outer style-883 style-local-1069-c6\">\n                    <!---->\n                    <!---->\n                    <h2 class=\"\">Herzlich willkommen!<\/h2>\n                  <\/div>\n                <\/div>\n                <div data-colibri-id=\"1069-c7\" class=\"h-text h-text-component style-884 style-local-1069-c7 position-relative h-element\">\n                  <!---->\n                  <!---->\n                  <div class=\"\">\n                    <p>Ab jetzt \u00f6ffnen wir jedes\n                      <br>zweite und vierte Wochenende im Monat, Samstag 11-18 Uhr, Sonntag 11-16 Uhr.<\/p>\n                    <p>\u00dcbernachtungen von Freitag auf Samstag und von Samstag auf Sonntag sind bei Voranmeldung unter kontakt@dieschottersm\u00fchle.de und einem Check-In zwischen 15 und 18 Uhr m\u00f6glich.\n                      <br>Mehr dazu\n                      <a href=\"https:\/\/www.dieschottersm\u00fchle.de\/Uebernachtungen\" class=\"customize-unpreviewable\">hier<\/a>.\n                      <br>\n                    <\/p>\n                    <p>Wir freuen uns auf Ihren Besuch und bedanken uns f\u00fcr die Vorfreude!<\/p>\n                  <\/div>\n                <\/div>\n              <\/div>\n            <\/div>\n          <\/div>\n          <div class=\"h-column h-column-container d-flex h-col-lg-auto h-col-md-auto h-col-auto style-885-outer style-local-1069-c8-outer\">\n            <div data-colibri-id=\"1069-c8\" class=\"d-flex h-flex-basis h-column__inner h-ui-empty-state-container h-px-lg-2 h-px-md-2 h-px-2 v-inner-lg-2 v-inner-md-2 v-inner-2 style-885 style-local-1069-c8 position-relative\">\n              <!---->\n              <!---->\n              <div class=\"w-100 h-y-container h-column__content h-column__v-align flex-basis-100\">\n                <!---->\n              <\/div>\n            <\/div>\n          <\/div>\n        <\/div>\n      <\/div>\n    <\/div>\n  <\/div>\n<\/div>","protected":false},"excerpt":{"rendered":"<p>\u00d6ffnungszeiten Herzlich willkommen! Ab jetzt \u00f6ffnen wir jedes zweite und vierte Wochenende im Monat, Samstag 11-18 Uhr, Sonntag 11-16 Uhr. \u00dcbernachtungen von Freitag auf Samstag und von Samstag auf Sonntag sind bei Voranmeldung unter kontakt@dieschottersm\u00fchle.de und einem Check-In zwischen 15 und 18 Uhr m\u00f6glich. Mehr dazu hier. Wir freuen uns auf Ihren Besuch und bedanken [&hellip;]<\/p>\n","protected":false},"author":1,"featured_media":0,"parent":0,"menu_order":0,"comment_status":"closed","ping_status":"closed","template":"page-templates\/full-width-page.php","meta":{"footnotes":""},"class_list":["post-1069","page","type-page","status-publish","hentry"],"yoast_head":"<!-- This site is optimized with the Yoast SEO plugin v27.4 - https:\/\/yoast.com\/product\/yoast-seo-wordpress\/ -->\n<title>\u00d6ffnungszeiten - Die Schottersm\u00fchle<\/title>\n<meta name=\"robots\" content=\"index, follow, max-snippet:-1, max-image-preview:large, max-video-preview:-1\" \/>\n<link rel=\"canonical\" href=\"https:\/\/xn--dieschottersmhle-vzb.de\/?page_id=1069\" \/>\n<meta property=\"og:locale\" content=\"de_DE\" \/>\n<meta property=\"og:type\" content=\"article\" \/>\n<meta property=\"og:title\" content=\"\u00d6ffnungszeiten - Die Schottersm\u00fchle\" \/>\n<meta property=\"og:description\" content=\"\u00d6ffnungszeiten Herzlich willkommen! Ab jetzt \u00f6ffnen wir jedes zweite und vierte Wochenende im Monat, Samstag 11-18 Uhr, Sonntag 11-16 Uhr. \u00dcbernachtungen von Freitag auf Samstag und von Samstag auf Sonntag sind bei Voranmeldung unter kontakt@dieschottersm\u00fchle.de und einem Check-In zwischen 15 und 18 Uhr m\u00f6glich. Mehr dazu hier. Wir freuen uns auf Ihren Besuch und bedanken [&hellip;]\" \/>\n<meta property=\"og:url\" content=\"https:\/\/xn--dieschottersmhle-vzb.de\/?page_id=1069\" \/>\n<meta property=\"og:site_name\" content=\"Die Schottersm\u00fchle\" \/>\n<meta property=\"article:modified_time\" content=\"2025-09-09T10:08:55+00:00\" \/>\n<meta name=\"twitter:card\" content=\"summary_large_image\" \/>\n<script type=\"application\/ld+json\" class=\"yoast-schema-graph\">{\"@context\":\"https:\\\/\\\/schema.org\",\"@graph\":[{\"@type\":\"WebPage\",\"@id\":\"https:\\\/\\\/xn--dieschottersmhle-vzb.de\\\/?page_id=1069\",\"url\":\"https:\\\/\\\/xn--dieschottersmhle-vzb.de\\\/?page_id=1069\",\"name\":\"\u00d6ffnungszeiten - Die Schottersm\u00fchle\",\"isPartOf\":{\"@id\":\"https:\\\/\\\/xn--dieschottersmhle-vzb.de\\\/#website\"},\"datePublished\":\"2022-07-07T12:02:50+00:00\",\"dateModified\":\"2025-09-09T10:08:55+00:00\",\"breadcrumb\":{\"@id\":\"https:\\\/\\\/xn--dieschottersmhle-vzb.de\\\/?page_id=1069#breadcrumb\"},\"inLanguage\":\"de\",\"potentialAction\":[{\"@type\":\"ReadAction\",\"target\":[\"https:\\\/\\\/xn--dieschottersmhle-vzb.de\\\/?page_id=1069\"]}]},{\"@type\":\"BreadcrumbList\",\"@id\":\"https:\\\/\\\/xn--dieschottersmhle-vzb.de\\\/?page_id=1069#breadcrumb\",\"itemListElement\":[{\"@type\":\"ListItem\",\"position\":1,\"name\":\"Startseite\",\"item\":\"https:\\\/\\\/xn--dieschottersmhle-vzb.de\\\/\"},{\"@type\":\"ListItem\",\"position\":2,\"name\":\"\u00d6ffnungszeiten\"}]},{\"@type\":\"WebSite\",\"@id\":\"https:\\\/\\\/xn--dieschottersmhle-vzb.de\\\/#website\",\"url\":\"https:\\\/\\\/xn--dieschottersmhle-vzb.de\\\/\",\"name\":\"Die Schottersm\u00fchle\",\"description\":\"Kunst, Kultur, Kaffee, Kurse in der Fr\u00e4nkischen Schweiz, im Oberen Wiesenttal\",\"publisher\":{\"@id\":\"https:\\\/\\\/xn--dieschottersmhle-vzb.de\\\/#organization\"},\"potentialAction\":[{\"@type\":\"SearchAction\",\"target\":{\"@type\":\"EntryPoint\",\"urlTemplate\":\"https:\\\/\\\/xn--dieschottersmhle-vzb.de\\\/?s={search_term_string}\"},\"query-input\":{\"@type\":\"PropertyValueSpecification\",\"valueRequired\":true,\"valueName\":\"search_term_string\"}}],\"inLanguage\":\"de\"},{\"@type\":\"Organization\",\"@id\":\"https:\\\/\\\/xn--dieschottersmhle-vzb.de\\\/#organization\",\"name\":\"Die Schottersm\u00fchle\",\"url\":\"https:\\\/\\\/xn--dieschottersmhle-vzb.de\\\/\",\"logo\":{\"@type\":\"ImageObject\",\"inLanguage\":\"de\",\"@id\":\"https:\\\/\\\/xn--dieschottersmhle-vzb.de\\\/#\\\/schema\\\/logo\\\/image\\\/\",\"url\":\"https:\\\/\\\/xn--dieschottersmhle-vzb.de\\\/wp-content\\\/uploads\\\/2022\\\/03\\\/Schottersmuehle-V3.jpg\",\"contentUrl\":\"https:\\\/\\\/xn--dieschottersmhle-vzb.de\\\/wp-content\\\/uploads\\\/2022\\\/03\\\/Schottersmuehle-V3.jpg\",\"width\":1500,\"height\":1500,\"caption\":\"Die Schottersm\u00fchle\"},\"image\":{\"@id\":\"https:\\\/\\\/xn--dieschottersmhle-vzb.de\\\/#\\\/schema\\\/logo\\\/image\\\/\"}}]}<\/script>\n<!-- \/ Yoast SEO plugin. -->","yoast_head_json":{"title":"\u00d6ffnungszeiten - Die Schottersm\u00fchle","robots":{"index":"index","follow":"follow","max-snippet":"max-snippet:-1","max-image-preview":"max-image-preview:large","max-video-preview":"max-video-preview:-1"},"canonical":"https:\/\/xn--dieschottersmhle-vzb.de\/?page_id=1069","og_locale":"de_DE","og_type":"article","og_title":"\u00d6ffnungszeiten - Die Schottersm\u00fchle","og_description":"\u00d6ffnungszeiten Herzlich willkommen! Ab jetzt \u00f6ffnen wir jedes zweite und vierte Wochenende im Monat, Samstag 11-18 Uhr, Sonntag 11-16 Uhr. \u00dcbernachtungen von Freitag auf Samstag und von Samstag auf Sonntag sind bei Voranmeldung unter kontakt@dieschottersm\u00fchle.de und einem Check-In zwischen 15 und 18 Uhr m\u00f6glich. Mehr dazu hier. Wir freuen uns auf Ihren Besuch und bedanken [&hellip;]","og_url":"https:\/\/xn--dieschottersmhle-vzb.de\/?page_id=1069","og_site_name":"Die Schottersm\u00fchle","article_modified_time":"2025-09-09T10:08:55+00:00","twitter_card":"summary_large_image","schema":{"@context":"https:\/\/schema.org","@graph":[{"@type":"WebPage","@id":"https:\/\/xn--dieschottersmhle-vzb.de\/?page_id=1069","url":"https:\/\/xn--dieschottersmhle-vzb.de\/?page_id=1069","name":"\u00d6ffnungszeiten - Die Schottersm\u00fchle","isPartOf":{"@id":"https:\/\/xn--dieschottersmhle-vzb.de\/#website"},"datePublished":"2022-07-07T12:02:50+00:00","dateModified":"2025-09-09T10:08:55+00:00","breadcrumb":{"@id":"https:\/\/xn--dieschottersmhle-vzb.de\/?page_id=1069#breadcrumb"},"inLanguage":"de","potentialAction":[{"@type":"ReadAction","target":["https:\/\/xn--dieschottersmhle-vzb.de\/?page_id=1069"]}]},{"@type":"BreadcrumbList","@id":"https:\/\/xn--dieschottersmhle-vzb.de\/?page_id=1069#breadcrumb","itemListElement":[{"@type":"ListItem","position":1,"name":"Startseite","item":"https:\/\/xn--dieschottersmhle-vzb.de\/"},{"@type":"ListItem","position":2,"name":"\u00d6ffnungszeiten"}]},{"@type":"WebSite","@id":"https:\/\/xn--dieschottersmhle-vzb.de\/#website","url":"https:\/\/xn--dieschottersmhle-vzb.de\/","name":"Die Schottersm\u00fchle","description":"Kunst, Kultur, Kaffee, Kurse in der Fr\u00e4nkischen Schweiz, im Oberen Wiesenttal","publisher":{"@id":"https:\/\/xn--dieschottersmhle-vzb.de\/#organization"},"potentialAction":[{"@type":"SearchAction","target":{"@type":"EntryPoint","urlTemplate":"https:\/\/xn--dieschottersmhle-vzb.de\/?s={search_term_string}"},"query-input":{"@type":"PropertyValueSpecification","valueRequired":true,"valueName":"search_term_string"}}],"inLanguage":"de"},{"@type":"Organization","@id":"https:\/\/xn--dieschottersmhle-vzb.de\/#organization","name":"Die Schottersm\u00fchle","url":"https:\/\/xn--dieschottersmhle-vzb.de\/","logo":{"@type":"ImageObject","inLanguage":"de","@id":"https:\/\/xn--dieschottersmhle-vzb.de\/#\/schema\/logo\/image\/","url":"https:\/\/xn--dieschottersmhle-vzb.de\/wp-content\/uploads\/2022\/03\/Schottersmuehle-V3.jpg","contentUrl":"https:\/\/xn--dieschottersmhle-vzb.de\/wp-content\/uploads\/2022\/03\/Schottersmuehle-V3.jpg","width":1500,"height":1500,"caption":"Die Schottersm\u00fchle"},"image":{"@id":"https:\/\/xn--dieschottersmhle-vzb.de\/#\/schema\/logo\/image\/"}}]}},"_links":{"self":[{"href":"https:\/\/xn--dieschottersmhle-vzb.de\/index.php?rest_route=\/wp\/v2\/pages\/1069","targetHints":{"allow":["GET"]}}],"collection":[{"href":"https:\/\/xn--dieschottersmhle-vzb.de\/index.php?rest_route=\/wp\/v2\/pages"}],"about":[{"href":"https:\/\/xn--dieschottersmhle-vzb.de\/index.php?rest_route=\/wp\/v2\/types\/page"}],"author":[{"embeddable":true,"href":"https:\/\/xn--dieschottersmhle-vzb.de\/index.php?rest_route=\/wp\/v2\/users\/1"}],"replies":[{"embeddable":true,"href":"https:\/\/xn--dieschottersmhle-vzb.de\/index.php?rest_route=%2Fwp%2Fv2%2Fcomments&post=1069"}],"version-history":[{"count":10,"href":"https:\/\/xn--dieschottersmhle-vzb.de\/index.php?rest_route=\/wp\/v2\/pages\/1069\/revisions"}],"predecessor-version":[{"id":4263,"href":"https:\/\/xn--dieschottersmhle-vzb.de\/index.php?rest_route=\/wp\/v2\/pages\/1069\/revisions\/4263"}],"wp:attachment":[{"href":"https:\/\/xn--dieschottersmhle-vzb.de\/index.php?rest_route=%2Fwp%2Fv2%2Fmedia&parent=1069"}],"curies":[{"name":"wp","href":"https:\/\/api.w.org\/{rel}","templated":true}]}}