{"id":1364,"date":"2023-05-30T10:13:16","date_gmt":"2023-05-30T10:13:16","guid":{"rendered":"https:\/\/xn--dieschottersmhle-vzb.de\/?page_id=1364"},"modified":"2023-12-11T13:13:32","modified_gmt":"2023-12-11T13:13:32","slug":"mitglieder","status":"publish","type":"page","link":"https:\/\/xn--dieschottersmhle-vzb.de\/?page_id=1364","title":{"rendered":"Mitglieder"},"content":{"rendered":"<div data-colibri-id=\"1364-c1\" class=\"style-1069 style-local-1364-c1 position-relative\">\n  <!---->\n  <div data-colibri-component=\"section\" data-colibri-id=\"1364-c2\" id=\"custom\" class=\"h-section h-section-global-spacing d-flex align-items-lg-center align-items-md-center align-items-center style-1070 style-local-1364-c2 position-relative\">\n    <!---->\n    <!---->\n    <div class=\"h-section-grid-container h-section-boxed-container\">\n      <!---->\n      <div data-colibri-id=\"1364-c3\" class=\"h-row-container gutters-row-lg-2 gutters-row-md-2 gutters-row-0 gutters-row-v-lg-2 gutters-row-v-md-2 gutters-row-v-2 style-1071 style-local-1364-c3 position-relative\">\n        <!---->\n        <div class=\"h-row justify-content-lg-center justify-content-md-center justify-content-center align-items-lg-stretch align-items-md-stretch align-items-stretch gutters-col-lg-2 gutters-col-md-2 gutters-col-0 gutters-col-v-lg-2 gutters-col-v-md-2 gutters-col-v-2\">\n          <!---->\n          <div class=\"h-column h-column-container d-flex h-col-lg-auto h-col-md-auto h-col-auto style-1072-outer style-local-1364-c4-outer\">\n            <div data-colibri-id=\"1364-c4\" class=\"d-flex h-flex-basis h-column__inner h-px-lg-2 h-px-md-2 h-px-2 v-inner-lg-2 v-inner-md-2 v-inner-2 style-1072 style-local-1364-c4 position-relative\">\n              <!---->\n              <!---->\n              <div class=\"w-100 h-y-container h-column__content h-column__v-align flex-basis-100 align-self-lg-start align-self-md-start align-self-start\">\n                <!---->\n                <div data-colibri-id=\"1364-c5\" class=\"h-text h-text-component style-1073 style-local-1364-c5 position-relative h-element\">\n                  <!---->\n                  <!---->\n                  <div class=\"\">\n                    <h1><span style=\"font-size: 70%;\">Werde Mitglied im Kulturverein Schottersm\u00fchle e.V.<br><\/span><\/h1>\n                    <p>Der Kulturverein Schottersm\u00fchle e.V. lebt von der regen Teilnahme und Aktivit\u00e4t seiner Mitglieder*Innen.\n                      <br>Nur durch den stetigen Austausch zwischen Verantwortlichen und Vereinsmitgliedern entsteht eine intakte und kreative Gemeinschaft, die sich f\u00fcr die kulturellen Belange der Region einsetzt und damit das Erscheinungsbild der lokalen\n                      Kulturszene nachhaltig pr\u00e4gen kann. Die angestrebte Vernetzung der K\u00fcnstler*Innen soll ein Fundament f\u00fcr alle Kulturschaffenden in der Fr\u00e4nkischen Schweiz bieten. Die Idee ist, eine Gemeinschaft zu bilden, in der sich alle <strong>Mitglieder<\/strong>                      dem Vereinszweck verbunden f\u00fchlen, ihr Wissen untereinander teilen und produktiv nutzen. Wir freuen uns auf euer Interesse und eure Unterst\u00fctzung bei dem Vorhaben, der regionalen Kulturszene eine Stimme zu geben, sie zu f\u00f6rdern und\n                      zu erhalten!\n                      <br>Die ordentliche Mitgliedschaft betr\u00e4gt 60\u20ac im Jahr, Erm\u00e4\u00dfigung auf 40\u20ac auf Anfrage unter Nachweis.\n                      <br>\n                    <\/p>\n                    <h2><span style=\"font-size: 55%;\">Weitere Vorteile einer Mitgliedschaft Im Kulturverein Schottersm\u00fchle e.V.<br><\/span><\/h2>\n                    <p>Bei einer F\u00f6rdermitgliedschaft f\u00fcr 80\u20ac im Jahr erh\u00e4ltst du Erm\u00e4\u00dfigungen bei Veranstaltungen.\n                      <br>Z.B. 10\u20ac statt 15\u20ac bei Konzerten.<\/p>\n                    <p>In jedem Fall bekommst du nach der Beitrittserkl\u00e4rung einen Mitgliedsausweis postalisch zugeschickt.<\/p>\n                    <p>Du kannst vorher einen Blick in unsere Satzung werfen!\n                      <br>\n                    <\/p>\n                    <p>Unter dem folgenden Link geht es direkt zur <span target=\"_blank\">Beitrittserkl\u00e4rung als pdf<\/span>.<\/p>\n                  <\/div>\n                <\/div>\n                <div data-colibri-id=\"1364-c6\" class=\"h-x-container style-1083 style-local-1364-c6 position-relative h-element\">\n                  <!---->\n                  <div class=\"h-x-container-inner style-dynamic-1364-c6-group style-1083-spacing style-local-1364-c6-spacing\"><span class=\"h-button__outer style-1084-outer style-local-1364-c7-outer d-inline-flex h-element\"><a h-use-smooth-scroll=\"true\" href=\"https:\/\/xn--dieschottersmhle-vzb.de\/wp-content\/uploads\/2023\/05\/vereinssatzung_Schottersmuehle-1.pdf\"  data-colibri-id=\"1364-c7\" class=\"d-flex w-100 align-items-center h-button justify-content-lg-center justify-content-md-center justify-content-center style-1084 style-local-1364-c7 position-relative\"><!----><!----> <span>Satzung<\/span><\/a>\n                    <\/span>\n                  <\/div>\n                <\/div>\n                <div data-colibri-id=\"1364-c8\" class=\"h-x-container style-1074 style-local-1364-c8 position-relative h-element\">\n                  <!---->\n                  <div class=\"h-x-container-inner style-dynamic-1364-c8-group style-1074-spacing style-local-1364-c8-spacing\"><span class=\"h-button__outer style-1075-outer style-local-1364-c9-outer d-inline-flex h-element\"><a h-use-smooth-scroll=\"true\" href=\"https:\/\/xn--dieschottersmhle-vzb.de\/wp-content\/uploads\/2023\/12\/Beitrittserklaerung-2023-final.pdf\"  data-colibri-id=\"1364-c9\" class=\"d-flex w-100 align-items-center h-button justify-content-lg-center justify-content-md-center justify-content-center style-1075 style-local-1364-c9 position-relative\"><!----><!----> <span>Beitrittserkl\u00e4rung<\/span><\/a>\n                    <\/span>\n                  <\/div>\n                <\/div>\n              <\/div>\n            <\/div>\n          <\/div>\n        <\/div>\n      <\/div>\n    <\/div>\n  <\/div>\n<\/div>","protected":false},"excerpt":{"rendered":"<p>Werde Mitglied im Kulturverein Schottersm\u00fchle e.V. Der Kulturverein Schottersm\u00fchle e.V. lebt von der regen Teilnahme und Aktivit\u00e4t seiner Mitglieder*Innen. Nur durch den stetigen Austausch zwischen Verantwortlichen und Vereinsmitgliedern entsteht eine intakte und kreative Gemeinschaft, die sich f\u00fcr die kulturellen Belange der Region einsetzt und damit das Erscheinungsbild der lokalen Kulturszene nachhaltig pr\u00e4gen kann. Die angestrebte [&hellip;]<\/p>\n","protected":false},"author":1,"featured_media":0,"parent":0,"menu_order":0,"comment_status":"closed","ping_status":"closed","template":"page-templates\/full-width-page.php","meta":{"footnotes":""},"class_list":["post-1364","page","type-page","status-publish","hentry"],"yoast_head":"<!-- This site is optimized with the Yoast SEO plugin v27.4 - https:\/\/yoast.com\/product\/yoast-seo-wordpress\/ -->\n<title>Mitglieder - Die Schottersm\u00fchle<\/title>\n<meta name=\"robots\" content=\"index, follow, max-snippet:-1, max-image-preview:large, max-video-preview:-1\" \/>\n<link rel=\"canonical\" href=\"https:\/\/xn--dieschottersmhle-vzb.de\/?page_id=1364\" \/>\n<meta property=\"og:locale\" content=\"de_DE\" \/>\n<meta property=\"og:type\" content=\"article\" \/>\n<meta property=\"og:title\" content=\"Mitglieder - Die Schottersm\u00fchle\" \/>\n<meta property=\"og:description\" content=\"Werde Mitglied im Kulturverein Schottersm\u00fchle e.V. Der Kulturverein Schottersm\u00fchle e.V. lebt von der regen Teilnahme und Aktivit\u00e4t seiner Mitglieder*Innen. Nur durch den stetigen Austausch zwischen Verantwortlichen und Vereinsmitgliedern entsteht eine intakte und kreative Gemeinschaft, die sich f\u00fcr die kulturellen Belange der Region einsetzt und damit das Erscheinungsbild der lokalen Kulturszene nachhaltig pr\u00e4gen kann. Die angestrebte [&hellip;]\" \/>\n<meta property=\"og:url\" content=\"https:\/\/xn--dieschottersmhle-vzb.de\/?page_id=1364\" \/>\n<meta property=\"og:site_name\" content=\"Die Schottersm\u00fchle\" \/>\n<meta property=\"article:modified_time\" content=\"2023-12-11T13:13:32+00:00\" \/>\n<meta name=\"twitter:card\" content=\"summary_large_image\" \/>\n<meta name=\"twitter:label1\" content=\"Gesch\u00e4tzte Lesezeit\" \/>\n\t<meta name=\"twitter:data1\" content=\"1\u00a0Minute\" \/>\n<script type=\"application\/ld+json\" class=\"yoast-schema-graph\">{\"@context\":\"https:\\\/\\\/schema.org\",\"@graph\":[{\"@type\":\"WebPage\",\"@id\":\"https:\\\/\\\/xn--dieschottersmhle-vzb.de\\\/?page_id=1364\",\"url\":\"https:\\\/\\\/xn--dieschottersmhle-vzb.de\\\/?page_id=1364\",\"name\":\"Mitglieder - Die Schottersm\u00fchle\",\"isPartOf\":{\"@id\":\"https:\\\/\\\/xn--dieschottersmhle-vzb.de\\\/#website\"},\"datePublished\":\"2023-05-30T10:13:16+00:00\",\"dateModified\":\"2023-12-11T13:13:32+00:00\",\"breadcrumb\":{\"@id\":\"https:\\\/\\\/xn--dieschottersmhle-vzb.de\\\/?page_id=1364#breadcrumb\"},\"inLanguage\":\"de\",\"potentialAction\":[{\"@type\":\"ReadAction\",\"target\":[\"https:\\\/\\\/xn--dieschottersmhle-vzb.de\\\/?page_id=1364\"]}]},{\"@type\":\"BreadcrumbList\",\"@id\":\"https:\\\/\\\/xn--dieschottersmhle-vzb.de\\\/?page_id=1364#breadcrumb\",\"itemListElement\":[{\"@type\":\"ListItem\",\"position\":1,\"name\":\"Startseite\",\"item\":\"https:\\\/\\\/xn--dieschottersmhle-vzb.de\\\/\"},{\"@type\":\"ListItem\",\"position\":2,\"name\":\"Mitglieder\"}]},{\"@type\":\"WebSite\",\"@id\":\"https:\\\/\\\/xn--dieschottersmhle-vzb.de\\\/#website\",\"url\":\"https:\\\/\\\/xn--dieschottersmhle-vzb.de\\\/\",\"name\":\"Die Schottersm\u00fchle\",\"description\":\"Kunst, Kultur, Kaffee, Kurse in der Fr\u00e4nkischen Schweiz, im Oberen Wiesenttal\",\"publisher\":{\"@id\":\"https:\\\/\\\/xn--dieschottersmhle-vzb.de\\\/#organization\"},\"potentialAction\":[{\"@type\":\"SearchAction\",\"target\":{\"@type\":\"EntryPoint\",\"urlTemplate\":\"https:\\\/\\\/xn--dieschottersmhle-vzb.de\\\/?s={search_term_string}\"},\"query-input\":{\"@type\":\"PropertyValueSpecification\",\"valueRequired\":true,\"valueName\":\"search_term_string\"}}],\"inLanguage\":\"de\"},{\"@type\":\"Organization\",\"@id\":\"https:\\\/\\\/xn--dieschottersmhle-vzb.de\\\/#organization\",\"name\":\"Die Schottersm\u00fchle\",\"url\":\"https:\\\/\\\/xn--dieschottersmhle-vzb.de\\\/\",\"logo\":{\"@type\":\"ImageObject\",\"inLanguage\":\"de\",\"@id\":\"https:\\\/\\\/xn--dieschottersmhle-vzb.de\\\/#\\\/schema\\\/logo\\\/image\\\/\",\"url\":\"https:\\\/\\\/xn--dieschottersmhle-vzb.de\\\/wp-content\\\/uploads\\\/2022\\\/03\\\/Schottersmuehle-V3.jpg\",\"contentUrl\":\"https:\\\/\\\/xn--dieschottersmhle-vzb.de\\\/wp-content\\\/uploads\\\/2022\\\/03\\\/Schottersmuehle-V3.jpg\",\"width\":1500,\"height\":1500,\"caption\":\"Die Schottersm\u00fchle\"},\"image\":{\"@id\":\"https:\\\/\\\/xn--dieschottersmhle-vzb.de\\\/#\\\/schema\\\/logo\\\/image\\\/\"}}]}<\/script>\n<!-- \/ Yoast SEO plugin. -->","yoast_head_json":{"title":"Mitglieder - Die Schottersm\u00fchle","robots":{"index":"index","follow":"follow","max-snippet":"max-snippet:-1","max-image-preview":"max-image-preview:large","max-video-preview":"max-video-preview:-1"},"canonical":"https:\/\/xn--dieschottersmhle-vzb.de\/?page_id=1364","og_locale":"de_DE","og_type":"article","og_title":"Mitglieder - Die Schottersm\u00fchle","og_description":"Werde Mitglied im Kulturverein Schottersm\u00fchle e.V. Der Kulturverein Schottersm\u00fchle e.V. lebt von der regen Teilnahme und Aktivit\u00e4t seiner Mitglieder*Innen. Nur durch den stetigen Austausch zwischen Verantwortlichen und Vereinsmitgliedern entsteht eine intakte und kreative Gemeinschaft, die sich f\u00fcr die kulturellen Belange der Region einsetzt und damit das Erscheinungsbild der lokalen Kulturszene nachhaltig pr\u00e4gen kann. Die angestrebte [&hellip;]","og_url":"https:\/\/xn--dieschottersmhle-vzb.de\/?page_id=1364","og_site_name":"Die Schottersm\u00fchle","article_modified_time":"2023-12-11T13:13:32+00:00","twitter_card":"summary_large_image","twitter_misc":{"Gesch\u00e4tzte Lesezeit":"1\u00a0Minute"},"schema":{"@context":"https:\/\/schema.org","@graph":[{"@type":"WebPage","@id":"https:\/\/xn--dieschottersmhle-vzb.de\/?page_id=1364","url":"https:\/\/xn--dieschottersmhle-vzb.de\/?page_id=1364","name":"Mitglieder - Die Schottersm\u00fchle","isPartOf":{"@id":"https:\/\/xn--dieschottersmhle-vzb.de\/#website"},"datePublished":"2023-05-30T10:13:16+00:00","dateModified":"2023-12-11T13:13:32+00:00","breadcrumb":{"@id":"https:\/\/xn--dieschottersmhle-vzb.de\/?page_id=1364#breadcrumb"},"inLanguage":"de","potentialAction":[{"@type":"ReadAction","target":["https:\/\/xn--dieschottersmhle-vzb.de\/?page_id=1364"]}]},{"@type":"BreadcrumbList","@id":"https:\/\/xn--dieschottersmhle-vzb.de\/?page_id=1364#breadcrumb","itemListElement":[{"@type":"ListItem","position":1,"name":"Startseite","item":"https:\/\/xn--dieschottersmhle-vzb.de\/"},{"@type":"ListItem","position":2,"name":"Mitglieder"}]},{"@type":"WebSite","@id":"https:\/\/xn--dieschottersmhle-vzb.de\/#website","url":"https:\/\/xn--dieschottersmhle-vzb.de\/","name":"Die Schottersm\u00fchle","description":"Kunst, Kultur, Kaffee, Kurse in der Fr\u00e4nkischen Schweiz, im Oberen Wiesenttal","publisher":{"@id":"https:\/\/xn--dieschottersmhle-vzb.de\/#organization"},"potentialAction":[{"@type":"SearchAction","target":{"@type":"EntryPoint","urlTemplate":"https:\/\/xn--dieschottersmhle-vzb.de\/?s={search_term_string}"},"query-input":{"@type":"PropertyValueSpecification","valueRequired":true,"valueName":"search_term_string"}}],"inLanguage":"de"},{"@type":"Organization","@id":"https:\/\/xn--dieschottersmhle-vzb.de\/#organization","name":"Die Schottersm\u00fchle","url":"https:\/\/xn--dieschottersmhle-vzb.de\/","logo":{"@type":"ImageObject","inLanguage":"de","@id":"https:\/\/xn--dieschottersmhle-vzb.de\/#\/schema\/logo\/image\/","url":"https:\/\/xn--dieschottersmhle-vzb.de\/wp-content\/uploads\/2022\/03\/Schottersmuehle-V3.jpg","contentUrl":"https:\/\/xn--dieschottersmhle-vzb.de\/wp-content\/uploads\/2022\/03\/Schottersmuehle-V3.jpg","width":1500,"height":1500,"caption":"Die Schottersm\u00fchle"},"image":{"@id":"https:\/\/xn--dieschottersmhle-vzb.de\/#\/schema\/logo\/image\/"}}]}},"_links":{"self":[{"href":"https:\/\/xn--dieschottersmhle-vzb.de\/index.php?rest_route=\/wp\/v2\/pages\/1364","targetHints":{"allow":["GET"]}}],"collection":[{"href":"https:\/\/xn--dieschottersmhle-vzb.de\/index.php?rest_route=\/wp\/v2\/pages"}],"about":[{"href":"https:\/\/xn--dieschottersmhle-vzb.de\/index.php?rest_route=\/wp\/v2\/types\/page"}],"author":[{"embeddable":true,"href":"https:\/\/xn--dieschottersmhle-vzb.de\/index.php?rest_route=\/wp\/v2\/users\/1"}],"replies":[{"embeddable":true,"href":"https:\/\/xn--dieschottersmhle-vzb.de\/index.php?rest_route=%2Fwp%2Fv2%2Fcomments&post=1364"}],"version-history":[{"count":6,"href":"https:\/\/xn--dieschottersmhle-vzb.de\/index.php?rest_route=\/wp\/v2\/pages\/1364\/revisions"}],"predecessor-version":[{"id":2210,"href":"https:\/\/xn--dieschottersmhle-vzb.de\/index.php?rest_route=\/wp\/v2\/pages\/1364\/revisions\/2210"}],"wp:attachment":[{"href":"https:\/\/xn--dieschottersmhle-vzb.de\/index.php?rest_route=%2Fwp%2Fv2%2Fmedia&parent=1364"}],"curies":[{"name":"wp","href":"https:\/\/api.w.org\/{rel}","templated":true}]}}