{"id":399,"date":"2021-05-31T13:48:53","date_gmt":"2021-05-31T13:48:53","guid":{"rendered":"http:\/\/xn--dieschottersmhle-vzb.de\/muehle"},"modified":"2021-06-01T08:35:58","modified_gmt":"2021-06-01T08:35:58","slug":"muehle","status":"publish","type":"page","link":"https:\/\/xn--dieschottersmhle-vzb.de\/?page_id=399","title":{"rendered":"Muehle"},"content":{"rendered":"<div data-colibri-id=\"399-c1\" class=\"style-414 style-local-399-c1 position-relative\">\n  <!---->\n  <div data-colibri-component=\"section\" data-colibri-id=\"399-c2\" id=\"custom\" class=\"h-section h-section-global-spacing d-flex align-items-lg-center align-items-md-center align-items-center style-415 style-local-399-c2 position-relative\">\n    <!---->\n    <!---->\n    <div class=\"h-section-grid-container h-section-boxed-container\">\n      <!---->\n      <div data-colibri-id=\"399-c3\" class=\"h-row-container gutters-row-lg-2 gutters-row-md-2 gutters-row-0 gutters-row-v-lg-2 gutters-row-v-md-2 gutters-row-v-2 style-416 style-local-399-c3 position-relative\">\n        <!---->\n        <div class=\"h-row justify-content-lg-center justify-content-md-center justify-content-center align-items-lg-stretch align-items-md-stretch align-items-stretch gutters-col-lg-2 gutters-col-md-2 gutters-col-0 gutters-col-v-lg-2 gutters-col-v-md-2 gutters-col-v-2\">\n          <!---->\n          <div class=\"h-column h-column-container d-flex h-col-lg-auto h-col-md-auto h-col-auto style-417-outer style-local-399-c4-outer\">\n            <div data-colibri-id=\"399-c4\" class=\"d-flex h-flex-basis h-column__inner h-px-lg-2 h-px-md-2 h-px-2 v-inner-lg-2 v-inner-md-2 v-inner-2 style-417 style-local-399-c4 position-relative\">\n              <!---->\n              <!---->\n              <div class=\"w-100 h-y-container h-column__content h-column__v-align flex-basis-100 align-self-lg-start align-self-md-start align-self-start\">\n                <!---->\n                <div data-colibri-id=\"399-c5\" class=\"h-text h-text-component style-419 style-local-399-c5 position-relative h-element\">\n                  <!---->\n                  <!---->\n                  <div class=\"\">\n                    <p>Am 25. Mai 1599 heiratete Margaretha Sebald von der &#8222;Sch\u00e4dersm\u00fchl&#8220; in der Schlosskirche der Burg Rabeneck einen gewissen Andreas Zahn aus &#8222;Weyschenfeldt&#8220;. Am 6. Februar 1635 heiratete dann der Sohn der beiden, &#8222;Hans Sebald von der\n                      Sottersm\u00fchl&#8220; eine &#8222;Magdalena von Engelsberg&#8220; (heute Engelhardsberg). Man beachte die unterschiedlichen Schreibweisen der Schottersm\u00fchle.<\/p>\n                    <p>Jener Hans Sebald k\u00f6nnte also der M\u00fcllernachfolger gewesen sein. Etwa f\u00fcnf Jahrzehnte sp\u00e4ter finden sich dann M\u00fcller der Schottersm\u00fchle namens Sebald in den evangelisch-lutherischen Kirchenb\u00fcchern der Pfarrei Muggendorf.<\/p>\n                    <p>Am 28. Juli 1708 begeht der Schottersm\u00fcller Johann Sebald Selbstmord. Auch davon zeugt ein Eintrag im Kirchenbuch von Muggendorf. Damit endete wahrscheinlich nach drei Generationen die \u00c4ra der Familie Sebald auf der Schottersm\u00fchle.\n                      Die beiden n\u00e4chsten M\u00fcller hie\u00dfen Georg Merz und Heinrich Distler.<\/p>\n                    <p>1791 wurde die Schottersm\u00fchle von einem Georg Persau aus K\u00f6tteinsdorf f\u00fcr seinen Sohn Johann gekauft. Die hugenottische Familie Persau war Ende des 17. Jahrhunderts aus Frankreich nach Deutschland gekommen. Der Name Persau beziehungsweise\n                      Bergeat bleib dann \u00fcber f\u00fcnf Generationen auf der M\u00fchle. Die meisten M\u00fcller der Familie Persau hie\u00dfen Johann mit Vornamen. Der erste M\u00fcller Johann Persau hatte nach Aussage seines Enkels Andreas mit beh\u00f6rdlicher Genehmigung den urspr\u00fcnglichen\n                      Familiennamen Bergeat wieder eingef\u00fchrt. Laut Seidel-R\u00fcfer gab es auch in der Bergeat-Familie bewegende Schicksale. Der zweite Sohn Johann Bergeat, geboren 1822, starb schon mit 32 Jahren. Seine Witwe musste so schnell wie m\u00f6glich\n                      wieder heiraten und so wurde deren zweiter Mann Johann Stengel der neue M\u00fcller. Dieser machte jedoch viel \u00c4rger, denn er versuchte, die M\u00fchle in den Besitz seines Sohnes zu bringen \u2014 und er war Alkoholiker. Stengel hatte Gl\u00fcck, denn\n                      1868 wurde die Stra\u00dfe zwischen Doos und Behringersm\u00fchle gebaut, direkt an der Schottersm\u00fchle vorbei.<\/p>\n                    <h4>Konzession zum Ausschank<\/h4>\n                    <p>Dadurch kamen immer mehr Reisende in die Gegend und Stengel erhielt 1869 die Konzession zum Ausschank von Getr\u00e4nken und zur Verabreichung von Speisen. Dies war die Geburtstunde des heutigen Gasthauses und beliebten Ausfluglokals Schottersm\u00fchle.<\/p>\n                    <p>1877 ging die M\u00fchle trotz allen Widerst\u00e4nden Stengels wieder an den rechtm\u00e4\u00dfigen Besitzer Andreas Bergeat \u00fcber \u2014 und es begann eine gastronomisch fruchtbare Zeit mit vielen fremden Besuchern, wie die erhaltenen G\u00e4steb\u00fccher beweisen.\n                      Auch die Studentenverbindung &#8222;Fridericiana&#8220; aus Erlangen hatte die Schottersm\u00fchle entdeckt und zu ihrer Exkneipe erkoren. Die ersten Ansichtskarten der Schottersm\u00fchle entstanden.<\/p>\n                    <p>1911 \u00fcbernahm Andreas Bergeats Sohn Johann die M\u00fchle. Da sein einziger Sohn noch in seinem Geburtsjahr 1915 starb, endete wenig sp\u00e4ter auch die \u00c4ra der Bergeats auf der Schottersm\u00fchle. Johann Bergeats Tochter Kunigunde erbte die M\u00fchle\n                      und heiratete 1937 den Bauern Ludwig Sch\u00e4fer aus G\u00f6sseldorf, der neuer Schottersm\u00fcller wurde. Dessen Sohn Johann Ludwig Sch\u00e4fer erbte die M\u00fchle im Jahre 1963. Da er 1968 schon im Alter von 24 Jahren starb, blieb er der letzte M\u00fcller\n                      auf der Schottersm\u00fchle. Die R\u00e4der der Getreidemahlanlage blieben f\u00fcr immer stehen.<\/p>\n                    <h4>Grabplatten an der Basilika<\/h4>\n                    <p>Das Gasthaus war aber nach wie vor eine Institution. Des letzen M\u00fcllers Geschwister Helmut und Maria Hildegard f\u00fchrten mit ihren Ehepartnern den Gastronomiebetrieb bis 1979 weiter, unterst\u00fctzt von Anna Bergeat, einer geb\u00fcrtigen Schirmer.\n                      An der Fassade der Basilika in G\u00f6\u00dfweinstein befinden sich noch heute die Grabplatten der Familie Bergeat von der Schottersm\u00fchle. Im Herbst 1979 wurde das Anwesen von den letzten Sch\u00e4fers an die Familie Mai aus Waischenfeld verkauft.\n                      Dabei wurde laut Karlheinz Martini der Besitz der Schottersm\u00fchle zerst\u00fcckelt, da Adolf Mai nur die M\u00fchle erwarb. Das Wasserkraftwerk und das Fischwasser gingen an andere Eigent\u00fcmer \u00fcber.<\/p>\n                    <p>Wie es der Zufall wollte, fuhr ein Isl\u00e4nder namens Ragnar Arnason mit seiner Frau Birgitte, einer D\u00e4nin, an der Schottersm\u00fchle vorbei und rastete. Die Schottersm\u00fchle gefiel den Arnasons so gut dass sie 1989 das Anwesen kauften und\n                      von 1999 bis 2000 grundlegend renovierten. Seitdem waren Ragnar und Birgitte Arnason die neuen Schottersm\u00fcller.&nbsp;\n                      <br>Bis 2021. Hier beginnt eine ganz andere Geschichte &#8230;<\/p>\n                    <p>\n                      <br>\n                    <\/p>\n                  <\/div>\n                <\/div>\n              <\/div>\n            <\/div>\n          <\/div>\n          <div class=\"h-column h-column-container d-flex h-col-lg-auto h-col-md-auto h-col-auto style-418-outer style-local-399-c6-outer\">\n            <div data-colibri-id=\"399-c6\" class=\"d-flex h-flex-basis h-column__inner h-px-lg-2 h-px-md-2 h-px-2 v-inner-lg-2 v-inner-md-2 v-inner-2 style-418 style-local-399-c6 position-relative\">\n              <!---->\n              <!---->\n              <div class=\"w-100 h-y-container h-column__content h-column__v-align flex-basis-100 align-self-lg-start align-self-md-start align-self-start\">\n                <!---->\n                <div data-colibri-id=\"399-c7\" class=\"d-block style-420 style-local-399-c7 position-relative h-element\">\n                  <!---->\n                  <div class=\"h-image__frame-container-outer\">\n                    <div class=\"h-image__frame-container\">\n                      <!---->\n                      <!---->\n                      <img loading=\"lazy\" decoding=\"async\" width=\"558\" height=\"373\" src=\"https:\/\/xn--dieschottersmhle-vzb.de\/wp-content\/uploads\/2021\/05\/AK-Schottersmuehle-Ortsansicht.jpg\" class=\"wp-image-412 style-420-image style-local-399-c7-image\" alt=\"\" srcset=\"https:\/\/xn--dieschottersmhle-vzb.de\/wp-content\/uploads\/2021\/05\/AK-Schottersmuehle-Ortsansicht.jpg 558w, https:\/\/xn--dieschottersmhle-vzb.de\/wp-content\/uploads\/2021\/05\/AK-Schottersmuehle-Ortsansicht-300x201.jpg 300w\" sizes=\"auto, (max-width: 558px) 100vw, 558px\" \/>\n                      <div class=\"h-image__frame h-hide-lg h-hide-md h-hide-sm style-420-frameImage style-local-399-c7-frameImage\"><\/div>\n                    <\/div>\n                  <\/div>\n                <\/div>\n                <div data-colibri-id=\"399-c8\" class=\"d-block style-421 style-local-399-c8 position-relative h-element\">\n                  <!---->\n                  <div class=\"h-image__frame-container-outer\">\n                    <div class=\"h-image__frame-container\">\n                      <!---->\n                      <!---->\n                      <img loading=\"lazy\" decoding=\"async\" width=\"580\" height=\"368\" src=\"https:\/\/xn--dieschottersmhle-vzb.de\/wp-content\/uploads\/2021\/05\/10264162.jpg\" class=\"wp-image-413 style-421-image style-local-399-c8-image\" alt=\"\" srcset=\"https:\/\/xn--dieschottersmhle-vzb.de\/wp-content\/uploads\/2021\/05\/10264162.jpg 580w, https:\/\/xn--dieschottersmhle-vzb.de\/wp-content\/uploads\/2021\/05\/10264162-300x190.jpg 300w\" sizes=\"auto, (max-width: 580px) 100vw, 580px\" \/>\n                      <div class=\"h-image__frame h-hide-lg h-hide-md h-hide-sm style-421-frameImage style-local-399-c8-frameImage\"><\/div>\n                    <\/div>\n                  <\/div>\n                <\/div>\n                <div data-colibri-id=\"399-c9\" class=\"d-block style-422 style-local-399-c9 position-relative h-element\">\n                  <!---->\n                  <div class=\"h-image__frame-container-outer\">\n                    <div class=\"h-image__frame-container\">\n                      <!---->\n                      <!---->\n                      <img loading=\"lazy\" decoding=\"async\" width=\"580\" height=\"370\" src=\"https:\/\/xn--dieschottersmhle-vzb.de\/wp-content\/uploads\/2021\/05\/2532074.jpg\" class=\"wp-image-408 style-422-image style-local-399-c9-image\" alt=\"\" srcset=\"https:\/\/xn--dieschottersmhle-vzb.de\/wp-content\/uploads\/2021\/05\/2532074.jpg 580w, https:\/\/xn--dieschottersmhle-vzb.de\/wp-content\/uploads\/2021\/05\/2532074-300x191.jpg 300w\" sizes=\"auto, (max-width: 580px) 100vw, 580px\" \/>\n                      <div class=\"h-image__frame h-hide-lg h-hide-md h-hide-sm style-422-frameImage style-local-399-c9-frameImage\"><\/div>\n                    <\/div>\n                  <\/div>\n                <\/div>\n                <div data-colibri-id=\"399-c10\" class=\"d-block style-423 style-local-399-c10 position-relative h-element\">\n                  <!---->\n                  <div class=\"h-image__frame-container-outer\">\n                    <div class=\"h-image__frame-container\">\n                      <!---->\n                      <!---->\n                      <img loading=\"lazy\" decoding=\"async\" width=\"580\" height=\"377\" src=\"https:\/\/xn--dieschottersmhle-vzb.de\/wp-content\/uploads\/2021\/05\/1686114.jpg\" class=\"wp-image-411 style-423-image style-local-399-c10-image\" alt=\"\" srcset=\"https:\/\/xn--dieschottersmhle-vzb.de\/wp-content\/uploads\/2021\/05\/1686114.jpg 580w, https:\/\/xn--dieschottersmhle-vzb.de\/wp-content\/uploads\/2021\/05\/1686114-300x195.jpg 300w\" sizes=\"auto, (max-width: 580px) 100vw, 580px\" \/>\n                      <div class=\"h-image__frame h-hide-lg h-hide-md h-hide-sm style-423-frameImage style-local-399-c10-frameImage\"><\/div>\n                    <\/div>\n                  <\/div>\n                <\/div>\n                <div data-colibri-id=\"399-c11\" class=\"d-block style-424 style-local-399-c11 position-relative h-element\">\n                  <!---->\n                  <div class=\"h-image__frame-container-outer\">\n                    <div class=\"h-image__frame-container\">\n                      <!---->\n                      <!---->\n                      <img loading=\"lazy\" decoding=\"async\" width=\"580\" height=\"373\" src=\"https:\/\/xn--dieschottersmhle-vzb.de\/wp-content\/uploads\/2021\/05\/Ak-Schottersmuehle-Wiesenttal-Fraenkische-Schweiz-Sommerfrische-Gasthof-Schottersmuehle-H-Bergeat.jpg\" class=\"wp-image-414 style-424-image style-local-399-c11-image\" alt=\"\" srcset=\"https:\/\/xn--dieschottersmhle-vzb.de\/wp-content\/uploads\/2021\/05\/Ak-Schottersmuehle-Wiesenttal-Fraenkische-Schweiz-Sommerfrische-Gasthof-Schottersmuehle-H-Bergeat.jpg 580w, https:\/\/xn--dieschottersmhle-vzb.de\/wp-content\/uploads\/2021\/05\/Ak-Schottersmuehle-Wiesenttal-Fraenkische-Schweiz-Sommerfrische-Gasthof-Schottersmuehle-H-Bergeat-300x193.jpg 300w\" sizes=\"auto, (max-width: 580px) 100vw, 580px\" \/>\n                      <div class=\"h-image__frame h-hide-lg h-hide-md h-hide-sm style-424-frameImage style-local-399-c11-frameImage\"><\/div>\n                    <\/div>\n                  <\/div>\n                <\/div>\n              <\/div>\n            <\/div>\n          <\/div>\n        <\/div>\n      <\/div>\n    <\/div>\n  <\/div>\n<\/div>","protected":false},"excerpt":{"rendered":"<p>Am 25. Mai 1599 heiratete Margaretha Sebald von der &#8222;Sch\u00e4dersm\u00fchl&#8220; in der Schlosskirche der Burg Rabeneck einen gewissen Andreas Zahn aus &#8222;Weyschenfeldt&#8220;. Am 6. Februar 1635 heiratete dann der Sohn der beiden, &#8222;Hans Sebald von der Sottersm\u00fchl&#8220; eine &#8222;Magdalena von Engelsberg&#8220; (heute Engelhardsberg). Man beachte die unterschiedlichen Schreibweisen der Schottersm\u00fchle. Jener Hans Sebald k\u00f6nnte also [&hellip;]<\/p>\n","protected":false},"author":1,"featured_media":0,"parent":0,"menu_order":0,"comment_status":"closed","ping_status":"closed","template":"page-templates\/full-width-page.php","meta":{"footnotes":""},"class_list":["post-399","page","type-page","status-publish","hentry"],"yoast_head":"<!-- This site is optimized with the Yoast SEO plugin v27.4 - https:\/\/yoast.com\/product\/yoast-seo-wordpress\/ -->\n<title>Muehle - Die Schottersm\u00fchle<\/title>\n<meta name=\"robots\" content=\"index, follow, max-snippet:-1, max-image-preview:large, max-video-preview:-1\" \/>\n<link rel=\"canonical\" href=\"https:\/\/xn--dieschottersmhle-vzb.de\/?page_id=399\" \/>\n<meta property=\"og:locale\" content=\"de_DE\" \/>\n<meta property=\"og:type\" content=\"article\" \/>\n<meta property=\"og:title\" content=\"Muehle - Die Schottersm\u00fchle\" \/>\n<meta property=\"og:description\" content=\"Am 25. Mai 1599 heiratete Margaretha Sebald von der &#8222;Sch\u00e4dersm\u00fchl&#8220; in der Schlosskirche der Burg Rabeneck einen gewissen Andreas Zahn aus &#8222;Weyschenfeldt&#8220;. Am 6. Februar 1635 heiratete dann der Sohn der beiden, &#8222;Hans Sebald von der Sottersm\u00fchl&#8220; eine &#8222;Magdalena von Engelsberg&#8220; (heute Engelhardsberg). Man beachte die unterschiedlichen Schreibweisen der Schottersm\u00fchle. Jener Hans Sebald k\u00f6nnte also [&hellip;]\" \/>\n<meta property=\"og:url\" content=\"https:\/\/xn--dieschottersmhle-vzb.de\/?page_id=399\" \/>\n<meta property=\"og:site_name\" content=\"Die Schottersm\u00fchle\" \/>\n<meta property=\"article:modified_time\" content=\"2021-06-01T08:35:58+00:00\" \/>\n<meta property=\"og:image\" content=\"http:\/\/xn--dieschottersmhle-vzb.de\/wp-content\/uploads\/2021\/05\/AK-Schottersmuehle-Ortsansicht.jpg\" \/>\n<meta name=\"twitter:card\" content=\"summary_large_image\" \/>\n<meta name=\"twitter:label1\" content=\"Gesch\u00e4tzte Lesezeit\" \/>\n\t<meta name=\"twitter:data1\" content=\"3\u00a0Minuten\" \/>\n<script type=\"application\/ld+json\" class=\"yoast-schema-graph\">{\"@context\":\"https:\\\/\\\/schema.org\",\"@graph\":[{\"@type\":\"WebPage\",\"@id\":\"https:\\\/\\\/xn--dieschottersmhle-vzb.de\\\/?page_id=399\",\"url\":\"https:\\\/\\\/xn--dieschottersmhle-vzb.de\\\/?page_id=399\",\"name\":\"Muehle - Die Schottersm\u00fchle\",\"isPartOf\":{\"@id\":\"https:\\\/\\\/xn--dieschottersmhle-vzb.de\\\/#website\"},\"primaryImageOfPage\":{\"@id\":\"https:\\\/\\\/xn--dieschottersmhle-vzb.de\\\/?page_id=399#primaryimage\"},\"image\":{\"@id\":\"https:\\\/\\\/xn--dieschottersmhle-vzb.de\\\/?page_id=399#primaryimage\"},\"thumbnailUrl\":\"http:\\\/\\\/xn--dieschottersmhle-vzb.de\\\/wp-content\\\/uploads\\\/2021\\\/05\\\/AK-Schottersmuehle-Ortsansicht.jpg\",\"datePublished\":\"2021-05-31T13:48:53+00:00\",\"dateModified\":\"2021-06-01T08:35:58+00:00\",\"breadcrumb\":{\"@id\":\"https:\\\/\\\/xn--dieschottersmhle-vzb.de\\\/?page_id=399#breadcrumb\"},\"inLanguage\":\"de\",\"potentialAction\":[{\"@type\":\"ReadAction\",\"target\":[\"https:\\\/\\\/xn--dieschottersmhle-vzb.de\\\/?page_id=399\"]}]},{\"@type\":\"ImageObject\",\"inLanguage\":\"de\",\"@id\":\"https:\\\/\\\/xn--dieschottersmhle-vzb.de\\\/?page_id=399#primaryimage\",\"url\":\"http:\\\/\\\/xn--dieschottersmhle-vzb.de\\\/wp-content\\\/uploads\\\/2021\\\/05\\\/AK-Schottersmuehle-Ortsansicht.jpg\",\"contentUrl\":\"http:\\\/\\\/xn--dieschottersmhle-vzb.de\\\/wp-content\\\/uploads\\\/2021\\\/05\\\/AK-Schottersmuehle-Ortsansicht.jpg\"},{\"@type\":\"BreadcrumbList\",\"@id\":\"https:\\\/\\\/xn--dieschottersmhle-vzb.de\\\/?page_id=399#breadcrumb\",\"itemListElement\":[{\"@type\":\"ListItem\",\"position\":1,\"name\":\"Startseite\",\"item\":\"https:\\\/\\\/xn--dieschottersmhle-vzb.de\\\/\"},{\"@type\":\"ListItem\",\"position\":2,\"name\":\"Muehle\"}]},{\"@type\":\"WebSite\",\"@id\":\"https:\\\/\\\/xn--dieschottersmhle-vzb.de\\\/#website\",\"url\":\"https:\\\/\\\/xn--dieschottersmhle-vzb.de\\\/\",\"name\":\"Die Schottersm\u00fchle\",\"description\":\"Kunst, Kultur, Kaffee, Kurse in der Fr\u00e4nkischen Schweiz, im Oberen Wiesenttal\",\"publisher\":{\"@id\":\"https:\\\/\\\/xn--dieschottersmhle-vzb.de\\\/#organization\"},\"potentialAction\":[{\"@type\":\"SearchAction\",\"target\":{\"@type\":\"EntryPoint\",\"urlTemplate\":\"https:\\\/\\\/xn--dieschottersmhle-vzb.de\\\/?s={search_term_string}\"},\"query-input\":{\"@type\":\"PropertyValueSpecification\",\"valueRequired\":true,\"valueName\":\"search_term_string\"}}],\"inLanguage\":\"de\"},{\"@type\":\"Organization\",\"@id\":\"https:\\\/\\\/xn--dieschottersmhle-vzb.de\\\/#organization\",\"name\":\"Die Schottersm\u00fchle\",\"url\":\"https:\\\/\\\/xn--dieschottersmhle-vzb.de\\\/\",\"logo\":{\"@type\":\"ImageObject\",\"inLanguage\":\"de\",\"@id\":\"https:\\\/\\\/xn--dieschottersmhle-vzb.de\\\/#\\\/schema\\\/logo\\\/image\\\/\",\"url\":\"https:\\\/\\\/xn--dieschottersmhle-vzb.de\\\/wp-content\\\/uploads\\\/2022\\\/03\\\/Schottersmuehle-V3.jpg\",\"contentUrl\":\"https:\\\/\\\/xn--dieschottersmhle-vzb.de\\\/wp-content\\\/uploads\\\/2022\\\/03\\\/Schottersmuehle-V3.jpg\",\"width\":1500,\"height\":1500,\"caption\":\"Die Schottersm\u00fchle\"},\"image\":{\"@id\":\"https:\\\/\\\/xn--dieschottersmhle-vzb.de\\\/#\\\/schema\\\/logo\\\/image\\\/\"}}]}<\/script>\n<!-- \/ Yoast SEO plugin. -->","yoast_head_json":{"title":"Muehle - Die Schottersm\u00fchle","robots":{"index":"index","follow":"follow","max-snippet":"max-snippet:-1","max-image-preview":"max-image-preview:large","max-video-preview":"max-video-preview:-1"},"canonical":"https:\/\/xn--dieschottersmhle-vzb.de\/?page_id=399","og_locale":"de_DE","og_type":"article","og_title":"Muehle - Die Schottersm\u00fchle","og_description":"Am 25. Mai 1599 heiratete Margaretha Sebald von der &#8222;Sch\u00e4dersm\u00fchl&#8220; in der Schlosskirche der Burg Rabeneck einen gewissen Andreas Zahn aus &#8222;Weyschenfeldt&#8220;. Am 6. Februar 1635 heiratete dann der Sohn der beiden, &#8222;Hans Sebald von der Sottersm\u00fchl&#8220; eine &#8222;Magdalena von Engelsberg&#8220; (heute Engelhardsberg). Man beachte die unterschiedlichen Schreibweisen der Schottersm\u00fchle. Jener Hans Sebald k\u00f6nnte also [&hellip;]","og_url":"https:\/\/xn--dieschottersmhle-vzb.de\/?page_id=399","og_site_name":"Die Schottersm\u00fchle","article_modified_time":"2021-06-01T08:35:58+00:00","og_image":[{"url":"http:\/\/xn--dieschottersmhle-vzb.de\/wp-content\/uploads\/2021\/05\/AK-Schottersmuehle-Ortsansicht.jpg","type":"","width":"","height":""}],"twitter_card":"summary_large_image","twitter_misc":{"Gesch\u00e4tzte Lesezeit":"3\u00a0Minuten"},"schema":{"@context":"https:\/\/schema.org","@graph":[{"@type":"WebPage","@id":"https:\/\/xn--dieschottersmhle-vzb.de\/?page_id=399","url":"https:\/\/xn--dieschottersmhle-vzb.de\/?page_id=399","name":"Muehle - Die Schottersm\u00fchle","isPartOf":{"@id":"https:\/\/xn--dieschottersmhle-vzb.de\/#website"},"primaryImageOfPage":{"@id":"https:\/\/xn--dieschottersmhle-vzb.de\/?page_id=399#primaryimage"},"image":{"@id":"https:\/\/xn--dieschottersmhle-vzb.de\/?page_id=399#primaryimage"},"thumbnailUrl":"http:\/\/xn--dieschottersmhle-vzb.de\/wp-content\/uploads\/2021\/05\/AK-Schottersmuehle-Ortsansicht.jpg","datePublished":"2021-05-31T13:48:53+00:00","dateModified":"2021-06-01T08:35:58+00:00","breadcrumb":{"@id":"https:\/\/xn--dieschottersmhle-vzb.de\/?page_id=399#breadcrumb"},"inLanguage":"de","potentialAction":[{"@type":"ReadAction","target":["https:\/\/xn--dieschottersmhle-vzb.de\/?page_id=399"]}]},{"@type":"ImageObject","inLanguage":"de","@id":"https:\/\/xn--dieschottersmhle-vzb.de\/?page_id=399#primaryimage","url":"http:\/\/xn--dieschottersmhle-vzb.de\/wp-content\/uploads\/2021\/05\/AK-Schottersmuehle-Ortsansicht.jpg","contentUrl":"http:\/\/xn--dieschottersmhle-vzb.de\/wp-content\/uploads\/2021\/05\/AK-Schottersmuehle-Ortsansicht.jpg"},{"@type":"BreadcrumbList","@id":"https:\/\/xn--dieschottersmhle-vzb.de\/?page_id=399#breadcrumb","itemListElement":[{"@type":"ListItem","position":1,"name":"Startseite","item":"https:\/\/xn--dieschottersmhle-vzb.de\/"},{"@type":"ListItem","position":2,"name":"Muehle"}]},{"@type":"WebSite","@id":"https:\/\/xn--dieschottersmhle-vzb.de\/#website","url":"https:\/\/xn--dieschottersmhle-vzb.de\/","name":"Die Schottersm\u00fchle","description":"Kunst, Kultur, Kaffee, Kurse in der Fr\u00e4nkischen Schweiz, im Oberen Wiesenttal","publisher":{"@id":"https:\/\/xn--dieschottersmhle-vzb.de\/#organization"},"potentialAction":[{"@type":"SearchAction","target":{"@type":"EntryPoint","urlTemplate":"https:\/\/xn--dieschottersmhle-vzb.de\/?s={search_term_string}"},"query-input":{"@type":"PropertyValueSpecification","valueRequired":true,"valueName":"search_term_string"}}],"inLanguage":"de"},{"@type":"Organization","@id":"https:\/\/xn--dieschottersmhle-vzb.de\/#organization","name":"Die Schottersm\u00fchle","url":"https:\/\/xn--dieschottersmhle-vzb.de\/","logo":{"@type":"ImageObject","inLanguage":"de","@id":"https:\/\/xn--dieschottersmhle-vzb.de\/#\/schema\/logo\/image\/","url":"https:\/\/xn--dieschottersmhle-vzb.de\/wp-content\/uploads\/2022\/03\/Schottersmuehle-V3.jpg","contentUrl":"https:\/\/xn--dieschottersmhle-vzb.de\/wp-content\/uploads\/2022\/03\/Schottersmuehle-V3.jpg","width":1500,"height":1500,"caption":"Die Schottersm\u00fchle"},"image":{"@id":"https:\/\/xn--dieschottersmhle-vzb.de\/#\/schema\/logo\/image\/"}}]}},"_links":{"self":[{"href":"https:\/\/xn--dieschottersmhle-vzb.de\/index.php?rest_route=\/wp\/v2\/pages\/399","targetHints":{"allow":["GET"]}}],"collection":[{"href":"https:\/\/xn--dieschottersmhle-vzb.de\/index.php?rest_route=\/wp\/v2\/pages"}],"about":[{"href":"https:\/\/xn--dieschottersmhle-vzb.de\/index.php?rest_route=\/wp\/v2\/types\/page"}],"author":[{"embeddable":true,"href":"https:\/\/xn--dieschottersmhle-vzb.de\/index.php?rest_route=\/wp\/v2\/users\/1"}],"replies":[{"embeddable":true,"href":"https:\/\/xn--dieschottersmhle-vzb.de\/index.php?rest_route=%2Fwp%2Fv2%2Fcomments&post=399"}],"version-history":[{"count":4,"href":"https:\/\/xn--dieschottersmhle-vzb.de\/index.php?rest_route=\/wp\/v2\/pages\/399\/revisions"}],"predecessor-version":[{"id":595,"href":"https:\/\/xn--dieschottersmhle-vzb.de\/index.php?rest_route=\/wp\/v2\/pages\/399\/revisions\/595"}],"wp:attachment":[{"href":"https:\/\/xn--dieschottersmhle-vzb.de\/index.php?rest_route=%2Fwp%2Fv2%2Fmedia&parent=399"}],"curies":[{"name":"wp","href":"https:\/\/api.w.org\/{rel}","templated":true}]}}