{"id":47,"date":"2021-03-25T16:04:55","date_gmt":"2021-03-25T16:04:55","guid":{"rendered":"http:\/\/xn--dieschottersmhle-vzb.de\/?page_id=47"},"modified":"2021-07-14T15:33:28","modified_gmt":"2021-07-14T15:33:28","slug":"anfahrt","status":"publish","type":"page","link":"https:\/\/xn--dieschottersmhle-vzb.de\/?page_id=47","title":{"rendered":"Anfahrt"},"content":{"rendered":"<div data-colibri-id=\"47-c1\" class=\"style-592 style-local-47-c1 position-relative\">\n  <!---->\n  <div data-colibri-component=\"section\" data-colibri-id=\"47-c2\" id=\"custom\" class=\"h-section h-section-global-spacing d-flex align-items-lg-center align-items-md-center align-items-center style-620 style-local-47-c2 position-relative\">\n    <!---->\n    <!---->\n    <div class=\"h-section-grid-container h-section-boxed-container\">\n      <!---->\n      <div data-colibri-id=\"47-c3\" class=\"h-row-container gutters-row-lg-2 gutters-row-md-2 gutters-row-0 gutters-row-v-lg-2 gutters-row-v-md-2 gutters-row-v-2 style-621 style-local-47-c3 position-relative\">\n        <!---->\n        <div class=\"h-row justify-content-lg-center justify-content-md-center justify-content-center align-items-lg-stretch align-items-md-stretch align-items-stretch gutters-col-lg-2 gutters-col-md-2 gutters-col-0 gutters-col-v-lg-2 gutters-col-v-md-2 gutters-col-v-2\">\n          <!---->\n          <div class=\"h-column h-column-container d-flex h-col-lg-auto h-col-md-auto h-col-auto style-622-outer style-local-47-c4-outer\">\n            <div data-colibri-id=\"47-c4\" class=\"d-flex h-flex-basis h-column__inner h-px-lg-2 h-px-md-2 h-px-2 v-inner-lg-2 v-inner-md-2 v-inner-2 style-622 style-local-47-c4 position-relative\">\n              <!---->\n              <!---->\n              <div class=\"w-100 h-y-container h-column__content h-column__v-align flex-basis-100 align-self-lg-start align-self-md-start align-self-start\">\n                <!---->\n                <div data-colibri-id=\"47-c6\" class=\"h-text h-text-component style-744 style-local-47-c6 position-relative h-element\">\n                  <!---->\n                  <!---->\n                  <div class=\"\">\n                    <p>Von der A9 kommend:<\/p>\n                    <p>Ausfahrt 44 Pegnitz nehmen\n                      <br>B470 Richtung Pottenstein\n                      <br>weiter die B470 bis Behringersm\u00fchle\n                      <br>dort rechts auf St2191 Richtung Waischenfeld\n                      <br>nach ca. 3km Ankunft bei der Schottersm\u00fchle<\/p>\n                  <\/div>\n                <\/div>\n              <\/div>\n            <\/div>\n          <\/div>\n          <div class=\"h-column h-column-container d-flex h-col-lg-auto h-col-md-auto h-col-auto style-623-outer style-local-47-c5-outer\">\n            <div data-colibri-id=\"47-c5\" class=\"d-flex h-flex-basis h-column__inner h-px-lg-2 h-px-md-2 h-px-2 v-inner-lg-2 v-inner-md-2 v-inner-2 style-623 style-local-47-c5 position-relative\">\n              <!---->\n              <!---->\n              <div class=\"w-100 h-y-container h-column__content h-column__v-align flex-basis-100 align-self-lg-start align-self-md-start align-self-start\">\n                <!---->\n                <div data-colibri-id=\"47-c7\" class=\"h-text h-text-component style-745 style-local-47-c7 position-relative h-element\">\n                  <!---->\n                  <!---->\n                  <div class=\"\">\n                    <p>Von der A73 kommend:<\/p>\n                    <p>Ausfahrt 28 Forchheim-S\u00fcd nehmen\n                      <br>B470 Richtung Forchheim, sp\u00e4ter Richtung Ebermannstadt\n                      <br><span style=\"color: rgb(64, 85, 169); font-family: &quot;Open Sans&quot;; font-size: 16px; font-weight: 400;\">weiter die B470 bis Behringersm\u00fchle<br>dort links auf St2191 Richtung Waischenfeld<br>nach ca. 3km Ankunft bei der Schottersm\u00fchle<\/span><\/p>\n                  <\/div>\n                <\/div>\n              <\/div>\n            <\/div>\n          <\/div>\n        <\/div>\n      <\/div>\n      <div data-colibri-id=\"47-c8\" class=\"h-row-container gutters-row-lg-2 gutters-row-md-2 gutters-row-0 gutters-row-v-lg-2 gutters-row-v-md-2 gutters-row-v-2 style-746 style-local-47-c8 position-relative\">\n        <!---->\n        <div class=\"h-row justify-content-lg-center justify-content-md-center justify-content-center align-items-lg-stretch align-items-md-stretch align-items-stretch gutters-col-lg-2 gutters-col-md-2 gutters-col-0 gutters-col-v-lg-2 gutters-col-v-md-2 gutters-col-v-2\">\n          <!---->\n          <div class=\"h-column h-column-container d-flex h-col-lg-auto h-col-md-auto h-col-auto style-747-outer style-local-47-c9-outer\">\n            <div data-colibri-id=\"47-c9\" class=\"d-flex h-flex-basis h-column__inner h-px-lg-2 h-px-md-2 h-px-2 v-inner-lg-2 v-inner-md-2 v-inner-2 style-747 style-local-47-c9 position-relative\">\n              <!---->\n              <!---->\n              <div class=\"w-100 h-y-container h-column__content h-column__v-align flex-basis-100 align-self-lg-start align-self-md-start align-self-start\">\n                <!---->\n                <div data-colibri-id=\"47-c10\" class=\"h-text h-text-component style-748 style-local-47-c10 position-relative h-element\">\n                  <!---->\n                  <!---->\n                  <div class=\"\">\n                    <p>Oder Sie paddeln die Wiesent entlang!<\/p>\n                  <\/div>\n                <\/div>\n              <\/div>\n            <\/div>\n          <\/div>\n        <\/div>\n      <\/div>\n      <div data-colibri-id=\"47-c14\" class=\"h-row-container gutters-row-lg-2 gutters-row-md-2 gutters-row-0 gutters-row-v-lg-2 gutters-row-v-md-2 gutters-row-v-2 style-752 style-local-47-c14 position-relative\">\n        <!---->\n        <div class=\"h-row justify-content-lg-center justify-content-md-center justify-content-center align-items-lg-stretch align-items-md-stretch align-items-stretch gutters-col-lg-2 gutters-col-md-2 gutters-col-0 gutters-col-v-lg-2 gutters-col-v-md-2 gutters-col-v-2\">\n          <!---->\n          <div class=\"h-column h-column-container d-flex h-col-lg-auto h-col-md-auto h-col-auto style-753-outer style-local-47-c15-outer\">\n            <div data-colibri-id=\"47-c15\" class=\"d-flex h-flex-basis h-column__inner h-px-lg-2 h-px-md-2 h-px-2 v-inner-lg-2 v-inner-md-2 v-inner-2 style-753 style-local-47-c15 position-relative\">\n              <!---->\n              <!---->\n              <div class=\"w-100 h-y-container h-column__content h-column__v-align flex-basis-100 align-self-lg-start align-self-md-start align-self-start\">\n                <!---->\n                <div data-colibri-id=\"47-c16\" class=\"h-x-container style-754 style-local-47-c16 position-relative h-element\">\n                  <!---->\n                  <div class=\"h-x-container-inner style-dynamic-47-c16-group style-754-spacing style-local-47-c16-spacing\"><span class=\"h-link__outer style-755-outer style-local-47-c17-outer d-inline-flex h-element\"><a h-use-smooth-scroll=\"true\" href=\"https:\/\/www.google.com\/maps\/place\/Schottersm\u00fchle,+91344+Wiesenttal\/@49.7989559,11.2981301,15z\/data=!3m1!4b1!4m5!3m4!1s0x47a192d44448dd53:0xc835c0f4d307c744!8m2!3d49.7989429!4d11.3068849\"  data-colibri-id=\"47-c17\" class=\"d-flex w-100 align-items-center h-link style-755 style-local-47-c17 position-relative\"><!----><span  class=\"h-svg-icon h-link__icon style-755-icon style-local-47-c17-icon\"><!--Icon by Font Awesome (https:\/\/fontawesome.com)--><svg version=\"1.1\" xmlns=\"http:\/\/www.w3.org\/2000\/svg\" xmlns:xlink=\"http:\/\/www.w3.org\/1999\/xlink\" id=\"star\" viewBox=\"0 0 1664 1896.0833\"><path d=\"M1664 647q0 22-26 48l-363 354 86 500q1 7 1 20 0 21-10.5 35.5T1321 1619q-19 0-40-12l-449-236-449 236q-22 12-40 12-21 0-31.5-14.5T301 1569q0-6 2-20l86-500L25 695Q0 668 0 647q0-37 56-46l502-73L783 73q19-41 49-41t49 41l225 455 502 73q56 9 56 46z\"><\/path><\/svg><\/span>                    <span>Schottersm\u00fchle auf Google Maps<\/span><\/a>\n                    <\/span>\n                  <\/div>\n                <\/div>\n              <\/div>\n            <\/div>\n          <\/div>\n        <\/div>\n      <\/div>\n    <\/div>\n  <\/div>\n<\/div>","protected":false},"excerpt":{"rendered":"<p>Von der A9 kommend: Ausfahrt 44 Pegnitz nehmen B470 Richtung Pottenstein weiter die B470 bis Behringersm\u00fchle dort rechts auf St2191 Richtung Waischenfeld nach ca. 3km Ankunft bei der Schottersm\u00fchle Von der A73 kommend: Ausfahrt 28 Forchheim-S\u00fcd nehmen B470 Richtung Forchheim, sp\u00e4ter Richtung Ebermannstadt weiter die B470 bis Behringersm\u00fchledort links auf St2191 Richtung Waischenfeldnach ca. 3km [&hellip;]<\/p>\n","protected":false},"author":1,"featured_media":0,"parent":0,"menu_order":0,"comment_status":"closed","ping_status":"closed","template":"page-templates\/full-width-page.php","meta":{"footnotes":""},"class_list":["post-47","page","type-page","status-publish","hentry"],"yoast_head":"<!-- This site is optimized with the Yoast SEO plugin v27.4 - https:\/\/yoast.com\/product\/yoast-seo-wordpress\/ -->\n<title>Anfahrt - Die Schottersm\u00fchle<\/title>\n<meta name=\"robots\" content=\"index, follow, max-snippet:-1, max-image-preview:large, max-video-preview:-1\" \/>\n<link rel=\"canonical\" href=\"https:\/\/xn--dieschottersmhle-vzb.de\/?page_id=47\" \/>\n<meta property=\"og:locale\" content=\"de_DE\" \/>\n<meta property=\"og:type\" content=\"article\" \/>\n<meta property=\"og:title\" content=\"Anfahrt - Die Schottersm\u00fchle\" \/>\n<meta property=\"og:description\" content=\"Von der A9 kommend: Ausfahrt 44 Pegnitz nehmen B470 Richtung Pottenstein weiter die B470 bis Behringersm\u00fchle dort rechts auf St2191 Richtung Waischenfeld nach ca. 3km Ankunft bei der Schottersm\u00fchle Von der A73 kommend: Ausfahrt 28 Forchheim-S\u00fcd nehmen B470 Richtung Forchheim, sp\u00e4ter Richtung Ebermannstadt weiter die B470 bis Behringersm\u00fchledort links auf St2191 Richtung Waischenfeldnach ca. 3km [&hellip;]\" \/>\n<meta property=\"og:url\" content=\"https:\/\/xn--dieschottersmhle-vzb.de\/?page_id=47\" \/>\n<meta property=\"og:site_name\" content=\"Die Schottersm\u00fchle\" \/>\n<meta property=\"article:modified_time\" content=\"2021-07-14T15:33:28+00:00\" \/>\n<meta name=\"twitter:card\" content=\"summary_large_image\" \/>\n<script type=\"application\/ld+json\" class=\"yoast-schema-graph\">{\"@context\":\"https:\\\/\\\/schema.org\",\"@graph\":[{\"@type\":\"WebPage\",\"@id\":\"https:\\\/\\\/xn--dieschottersmhle-vzb.de\\\/?page_id=47\",\"url\":\"https:\\\/\\\/xn--dieschottersmhle-vzb.de\\\/?page_id=47\",\"name\":\"Anfahrt - Die Schottersm\u00fchle\",\"isPartOf\":{\"@id\":\"https:\\\/\\\/xn--dieschottersmhle-vzb.de\\\/#website\"},\"datePublished\":\"2021-03-25T16:04:55+00:00\",\"dateModified\":\"2021-07-14T15:33:28+00:00\",\"breadcrumb\":{\"@id\":\"https:\\\/\\\/xn--dieschottersmhle-vzb.de\\\/?page_id=47#breadcrumb\"},\"inLanguage\":\"de\",\"potentialAction\":[{\"@type\":\"ReadAction\",\"target\":[\"https:\\\/\\\/xn--dieschottersmhle-vzb.de\\\/?page_id=47\"]}]},{\"@type\":\"BreadcrumbList\",\"@id\":\"https:\\\/\\\/xn--dieschottersmhle-vzb.de\\\/?page_id=47#breadcrumb\",\"itemListElement\":[{\"@type\":\"ListItem\",\"position\":1,\"name\":\"Startseite\",\"item\":\"https:\\\/\\\/xn--dieschottersmhle-vzb.de\\\/\"},{\"@type\":\"ListItem\",\"position\":2,\"name\":\"Anfahrt\"}]},{\"@type\":\"WebSite\",\"@id\":\"https:\\\/\\\/xn--dieschottersmhle-vzb.de\\\/#website\",\"url\":\"https:\\\/\\\/xn--dieschottersmhle-vzb.de\\\/\",\"name\":\"Die Schottersm\u00fchle\",\"description\":\"Kunst, Kultur, Kaffee, Kurse in der Fr\u00e4nkischen Schweiz, im Oberen Wiesenttal\",\"publisher\":{\"@id\":\"https:\\\/\\\/xn--dieschottersmhle-vzb.de\\\/#organization\"},\"potentialAction\":[{\"@type\":\"SearchAction\",\"target\":{\"@type\":\"EntryPoint\",\"urlTemplate\":\"https:\\\/\\\/xn--dieschottersmhle-vzb.de\\\/?s={search_term_string}\"},\"query-input\":{\"@type\":\"PropertyValueSpecification\",\"valueRequired\":true,\"valueName\":\"search_term_string\"}}],\"inLanguage\":\"de\"},{\"@type\":\"Organization\",\"@id\":\"https:\\\/\\\/xn--dieschottersmhle-vzb.de\\\/#organization\",\"name\":\"Die Schottersm\u00fchle\",\"url\":\"https:\\\/\\\/xn--dieschottersmhle-vzb.de\\\/\",\"logo\":{\"@type\":\"ImageObject\",\"inLanguage\":\"de\",\"@id\":\"https:\\\/\\\/xn--dieschottersmhle-vzb.de\\\/#\\\/schema\\\/logo\\\/image\\\/\",\"url\":\"https:\\\/\\\/xn--dieschottersmhle-vzb.de\\\/wp-content\\\/uploads\\\/2022\\\/03\\\/Schottersmuehle-V3.jpg\",\"contentUrl\":\"https:\\\/\\\/xn--dieschottersmhle-vzb.de\\\/wp-content\\\/uploads\\\/2022\\\/03\\\/Schottersmuehle-V3.jpg\",\"width\":1500,\"height\":1500,\"caption\":\"Die Schottersm\u00fchle\"},\"image\":{\"@id\":\"https:\\\/\\\/xn--dieschottersmhle-vzb.de\\\/#\\\/schema\\\/logo\\\/image\\\/\"}}]}<\/script>\n<!-- \/ Yoast SEO plugin. -->","yoast_head_json":{"title":"Anfahrt - Die Schottersm\u00fchle","robots":{"index":"index","follow":"follow","max-snippet":"max-snippet:-1","max-image-preview":"max-image-preview:large","max-video-preview":"max-video-preview:-1"},"canonical":"https:\/\/xn--dieschottersmhle-vzb.de\/?page_id=47","og_locale":"de_DE","og_type":"article","og_title":"Anfahrt - Die Schottersm\u00fchle","og_description":"Von der A9 kommend: Ausfahrt 44 Pegnitz nehmen B470 Richtung Pottenstein weiter die B470 bis Behringersm\u00fchle dort rechts auf St2191 Richtung Waischenfeld nach ca. 3km Ankunft bei der Schottersm\u00fchle Von der A73 kommend: Ausfahrt 28 Forchheim-S\u00fcd nehmen B470 Richtung Forchheim, sp\u00e4ter Richtung Ebermannstadt weiter die B470 bis Behringersm\u00fchledort links auf St2191 Richtung Waischenfeldnach ca. 3km [&hellip;]","og_url":"https:\/\/xn--dieschottersmhle-vzb.de\/?page_id=47","og_site_name":"Die Schottersm\u00fchle","article_modified_time":"2021-07-14T15:33:28+00:00","twitter_card":"summary_large_image","schema":{"@context":"https:\/\/schema.org","@graph":[{"@type":"WebPage","@id":"https:\/\/xn--dieschottersmhle-vzb.de\/?page_id=47","url":"https:\/\/xn--dieschottersmhle-vzb.de\/?page_id=47","name":"Anfahrt - Die Schottersm\u00fchle","isPartOf":{"@id":"https:\/\/xn--dieschottersmhle-vzb.de\/#website"},"datePublished":"2021-03-25T16:04:55+00:00","dateModified":"2021-07-14T15:33:28+00:00","breadcrumb":{"@id":"https:\/\/xn--dieschottersmhle-vzb.de\/?page_id=47#breadcrumb"},"inLanguage":"de","potentialAction":[{"@type":"ReadAction","target":["https:\/\/xn--dieschottersmhle-vzb.de\/?page_id=47"]}]},{"@type":"BreadcrumbList","@id":"https:\/\/xn--dieschottersmhle-vzb.de\/?page_id=47#breadcrumb","itemListElement":[{"@type":"ListItem","position":1,"name":"Startseite","item":"https:\/\/xn--dieschottersmhle-vzb.de\/"},{"@type":"ListItem","position":2,"name":"Anfahrt"}]},{"@type":"WebSite","@id":"https:\/\/xn--dieschottersmhle-vzb.de\/#website","url":"https:\/\/xn--dieschottersmhle-vzb.de\/","name":"Die Schottersm\u00fchle","description":"Kunst, Kultur, Kaffee, Kurse in der Fr\u00e4nkischen Schweiz, im Oberen Wiesenttal","publisher":{"@id":"https:\/\/xn--dieschottersmhle-vzb.de\/#organization"},"potentialAction":[{"@type":"SearchAction","target":{"@type":"EntryPoint","urlTemplate":"https:\/\/xn--dieschottersmhle-vzb.de\/?s={search_term_string}"},"query-input":{"@type":"PropertyValueSpecification","valueRequired":true,"valueName":"search_term_string"}}],"inLanguage":"de"},{"@type":"Organization","@id":"https:\/\/xn--dieschottersmhle-vzb.de\/#organization","name":"Die Schottersm\u00fchle","url":"https:\/\/xn--dieschottersmhle-vzb.de\/","logo":{"@type":"ImageObject","inLanguage":"de","@id":"https:\/\/xn--dieschottersmhle-vzb.de\/#\/schema\/logo\/image\/","url":"https:\/\/xn--dieschottersmhle-vzb.de\/wp-content\/uploads\/2022\/03\/Schottersmuehle-V3.jpg","contentUrl":"https:\/\/xn--dieschottersmhle-vzb.de\/wp-content\/uploads\/2022\/03\/Schottersmuehle-V3.jpg","width":1500,"height":1500,"caption":"Die Schottersm\u00fchle"},"image":{"@id":"https:\/\/xn--dieschottersmhle-vzb.de\/#\/schema\/logo\/image\/"}}]}},"_links":{"self":[{"href":"https:\/\/xn--dieschottersmhle-vzb.de\/index.php?rest_route=\/wp\/v2\/pages\/47","targetHints":{"allow":["GET"]}}],"collection":[{"href":"https:\/\/xn--dieschottersmhle-vzb.de\/index.php?rest_route=\/wp\/v2\/pages"}],"about":[{"href":"https:\/\/xn--dieschottersmhle-vzb.de\/index.php?rest_route=\/wp\/v2\/types\/page"}],"author":[{"embeddable":true,"href":"https:\/\/xn--dieschottersmhle-vzb.de\/index.php?rest_route=\/wp\/v2\/users\/1"}],"replies":[{"embeddable":true,"href":"https:\/\/xn--dieschottersmhle-vzb.de\/index.php?rest_route=%2Fwp%2Fv2%2Fcomments&post=47"}],"version-history":[{"count":4,"href":"https:\/\/xn--dieschottersmhle-vzb.de\/index.php?rest_route=\/wp\/v2\/pages\/47\/revisions"}],"predecessor-version":[{"id":800,"href":"https:\/\/xn--dieschottersmhle-vzb.de\/index.php?rest_route=\/wp\/v2\/pages\/47\/revisions\/800"}],"wp:attachment":[{"href":"https:\/\/xn--dieschottersmhle-vzb.de\/index.php?rest_route=%2Fwp%2Fv2%2Fmedia&parent=47"}],"curies":[{"name":"wp","href":"https:\/\/api.w.org\/{rel}","templated":true}]}}