{"id":482,"date":"2021-05-31T15:08:56","date_gmt":"2021-05-31T15:08:56","guid":{"rendered":"http:\/\/xn--dieschottersmhle-vzb.de\/?page_id=482"},"modified":"2026-01-07T11:13:15","modified_gmt":"2026-01-07T11:13:15","slug":"links","status":"publish","type":"page","link":"https:\/\/xn--dieschottersmhle-vzb.de\/?page_id=482","title":{"rendered":"Links"},"content":{"rendered":"<div data-colibri-id=\"482-c1\" class=\"style-441 style-local-482-c1 position-relative\">\n  <!---->\n  <div data-colibri-component=\"section\" data-colibri-id=\"482-c2\" id=\"custom\" class=\"h-section h-section-global-spacing d-flex align-items-lg-center align-items-md-center align-items-center style-442 style-local-482-c2 position-relative\">\n    <!---->\n    <!---->\n    <div class=\"h-section-grid-container h-section-boxed-container\">\n      <!---->\n      <div data-colibri-id=\"482-c3\" class=\"h-row-container gutters-row-lg-2 gutters-row-md-2 gutters-row-0 gutters-row-v-lg-2 gutters-row-v-md-2 gutters-row-v-2 style-446 style-local-482-c3 position-relative\">\n        <!---->\n        <div class=\"h-row justify-content-lg-center justify-content-md-center justify-content-center align-items-lg-stretch align-items-md-stretch align-items-stretch gutters-col-lg-2 gutters-col-md-2 gutters-col-0 gutters-col-v-lg-2 gutters-col-v-md-2 gutters-col-v-2\">\n          <!---->\n          <div class=\"h-column h-column-container d-flex h-col-lg-auto h-col-md-auto h-col-auto style-447-outer style-local-482-c4-outer\">\n            <div data-colibri-id=\"482-c4\" class=\"d-flex h-flex-basis h-column__inner h-px-lg-2 h-px-md-2 h-px-2 v-inner-lg-2 v-inner-md-2 v-inner-2 style-447 style-local-482-c4 position-relative\">\n              <!---->\n              <!---->\n              <div class=\"w-100 h-y-container h-column__content h-column__v-align flex-basis-100 align-self-lg-start align-self-md-start align-self-start\">\n                <!---->\n                <div data-colibri-id=\"482-c5\" class=\"h-global-transition-all h-heading style-1298 style-local-482-c5 position-relative h-element\">\n                  <!---->\n                  <div class=\"h-heading__outer style-1298 style-local-482-c5\">\n                    <!---->\n                    <!---->\n                    <h4 class=\"\">Region<\/h4>\n                  <\/div>\n                <\/div>\n                <div data-colibri-id=\"482-c6\" class=\"h-x-container style-448 style-local-482-c6 position-relative h-element\">\n                  <!---->\n                  <div class=\"h-x-container-inner style-dynamic-482-c6-group style-448-spacing style-local-482-c6-spacing\"><span class=\"h-link__outer style-449-outer style-local-482-c7-outer d-inline-flex h-element\"><a h-use-smooth-scroll=\"true\" href=\"https:\/\/www.wiesenttal.de\/de\/\"  data-colibri-id=\"482-c7\" class=\"d-flex w-100 align-items-center h-link style-449 style-local-482-c7 position-relative\"><!----><span  class=\"h-svg-icon h-link__icon style-449-icon style-local-482-c7-icon\"><!--Icon by Font Awesome (https:\/\/fontawesome.com)--><svg version=\"1.1\" xmlns=\"http:\/\/www.w3.org\/2000\/svg\" xmlns:xlink=\"http:\/\/www.w3.org\/1999\/xlink\" id=\"star\" viewBox=\"0 0 1664 1896.0833\"><path d=\"M1664 647q0 22-26 48l-363 354 86 500q1 7 1 20 0 21-10.5 35.5T1321 1619q-19 0-40-12l-449-236-449 236q-22 12-40 12-21 0-31.5-14.5T301 1569q0-6 2-20l86-500L25 695Q0 668 0 647q0-37 56-46l502-73L783 73q19-41 49-41t49 41l225 455 502 73q56 9 56 46z\"><\/path><\/svg><\/span>                    <span>Markt Wiesenttal<\/span><\/a>\n                    <\/span><span class=\"h-link__outer style-450-outer style-local-482-c8-outer d-inline-flex h-element\"><a h-use-smooth-scroll=\"true\" href=\"https:\/\/www.fraenkische-schweiz.com\/de\/\"  data-colibri-id=\"482-c8\" class=\"d-flex w-100 align-items-center h-link style-450 style-local-482-c8 position-relative\"><!----><span  class=\"h-svg-icon h-link__icon style-450-icon style-local-482-c8-icon\"><!--Icon by Font Awesome (https:\/\/fontawesome.com)--><svg version=\"1.1\" xmlns=\"http:\/\/www.w3.org\/2000\/svg\" xmlns:xlink=\"http:\/\/www.w3.org\/1999\/xlink\" id=\"star\" viewBox=\"0 0 1664 1896.0833\"><path d=\"M1664 647q0 22-26 48l-363 354 86 500q1 7 1 20 0 21-10.5 35.5T1321 1619q-19 0-40-12l-449-236-449 236q-22 12-40 12-21 0-31.5-14.5T301 1569q0-6 2-20l86-500L25 695Q0 668 0 647q0-37 56-46l502-73L783 73q19-41 49-41t49 41l225 455 502 73q56 9 56 46z\"><\/path><\/svg><\/span>                    <span>Fr\u00e4nkische Schweiz<\/span><\/a>\n                    <\/span>\n                  <\/div>\n                <\/div>\n                <div data-colibri-id=\"482-c9\" class=\"h-global-transition-all h-heading style-1301 style-local-482-c9 position-relative h-element\">\n                  <!---->\n                  <div class=\"h-heading__outer style-1301 style-local-482-c9\">\n                    <!---->\n                    <!---->\n                    <h4 class=\"\">Freunde<\/h4>\n                  <\/div>\n                <\/div>\n                <div data-colibri-id=\"482-c10\" class=\"h-x-container style-1302 style-local-482-c10 position-relative h-element\">\n                  <!---->\n                  <div class=\"h-x-container-inner style-dynamic-482-c10-group style-1302-spacing style-local-482-c10-spacing\"><span class=\"h-link__outer style-1303-outer style-local-482-c11-outer d-inline-flex h-element\"><a h-use-smooth-scroll=\"true\" href=\"https:\/\/www.musikzentrale.com\/\"  data-colibri-id=\"482-c11\" class=\"d-flex w-100 align-items-center h-link style-1303 style-local-482-c11 position-relative\"><!----><span  class=\"h-svg-icon h-link__icon style-1303-icon style-local-482-c11-icon\"><!--Icon by Font Awesome (https:\/\/fontawesome.com)--><svg version=\"1.1\" xmlns=\"http:\/\/www.w3.org\/2000\/svg\" xmlns:xlink=\"http:\/\/www.w3.org\/1999\/xlink\" id=\"star\" viewBox=\"0 0 1664 1896.0833\"><path d=\"M1664 647q0 22-26 48l-363 354 86 500q1 7 1 20 0 21-10.5 35.5T1321 1619q-19 0-40-12l-449-236-449 236q-22 12-40 12-21 0-31.5-14.5T301 1569q0-6 2-20l86-500L25 695Q0 668 0 647q0-37 56-46l502-73L783 73q19-41 49-41t49 41l225 455 502 73q56 9 56 46z\"><\/path><\/svg><\/span>                    <span>Musikzentrale N\u00fcrnberg<\/span><\/a>\n                    <\/span>\n                  <\/div>\n                <\/div>\n                <div data-colibri-id=\"482-c12\" class=\"h-x-container style-1299 style-local-482-c12 position-relative h-element\">\n                  <!---->\n                  <div class=\"h-x-container-inner style-dynamic-482-c12-group style-1299-spacing style-local-482-c12-spacing\"><span class=\"h-link__outer style-1300-outer style-local-482-c13-outer d-inline-flex h-element\"><a h-use-smooth-scroll=\"true\" href=\"https:\/\/klappstuhl-kultour.de\/\"  data-colibri-id=\"482-c13\" class=\"d-flex w-100 align-items-center h-link style-1300 style-local-482-c13 position-relative\"><!----><span  class=\"h-svg-icon h-link__icon style-1300-icon style-local-482-c13-icon\"><!--Icon by Font Awesome (https:\/\/fontawesome.com)--><svg version=\"1.1\" xmlns=\"http:\/\/www.w3.org\/2000\/svg\" xmlns:xlink=\"http:\/\/www.w3.org\/1999\/xlink\" id=\"star\" viewBox=\"0 0 1664 1896.0833\"><path d=\"M1664 647q0 22-26 48l-363 354 86 500q1 7 1 20 0 21-10.5 35.5T1321 1619q-19 0-40-12l-449-236-449 236q-22 12-40 12-21 0-31.5-14.5T301 1569q0-6 2-20l86-500L25 695Q0 668 0 647q0-37 56-46l502-73L783 73q19-41 49-41t49 41l225 455 502 73q56 9 56 46z\"><\/path><\/svg><\/span>                    <span>Klappstuhl Kultour<\/span><\/a>\n                    <\/span>\n                  <\/div>\n                <\/div>\n                <div data-colibri-id=\"482-c14\" class=\"h-x-container style-1359 style-local-482-c14 position-relative h-element\">\n                  <!---->\n                  <div class=\"h-x-container-inner style-dynamic-482-c14-group style-1359-spacing style-local-482-c14-spacing\"><span class=\"h-link__outer style-1360-outer style-local-482-c15-outer d-inline-flex h-element\"><a h-use-smooth-scroll=\"true\" href=\"https:\/\/www.nuijamies.fi\"  data-colibri-id=\"482-c15\" class=\"d-flex w-100 align-items-center h-link style-1360 style-local-482-c15 position-relative\"><!----><span  class=\"h-svg-icon h-link__icon style-1360-icon style-local-482-c15-icon\"><!--Icon by Font Awesome (https:\/\/fontawesome.com)--><svg version=\"1.1\" xmlns=\"http:\/\/www.w3.org\/2000\/svg\" xmlns:xlink=\"http:\/\/www.w3.org\/1999\/xlink\" id=\"star\" viewBox=\"0 0 1664 1896.0833\"><path d=\"M1664 647q0 22-26 48l-363 354 86 500q1 7 1 20 0 21-10.5 35.5T1321 1619q-19 0-40-12l-449-236-449 236q-22 12-40 12-21 0-31.5-14.5T301 1569q0-6 2-20l86-500L25 695Q0 668 0 647q0-37 56-46l502-73L783 73q19-41 49-41t49 41l225 455 502 73q56 9 56 46z\"><\/path><\/svg><\/span>                    <span>Kulttuuritila Nuijamies, Lappeenranta\/Finnland<\/span><\/a>\n                    <\/span>\n                  <\/div>\n                <\/div>\n                <div data-colibri-id=\"482-c16\" class=\"h-x-container style-1304 style-local-482-c16 position-relative h-element\">\n                  <!---->\n                  <div class=\"h-x-container-inner style-dynamic-482-c16-group style-1304-spacing style-local-482-c16-spacing\"><span class=\"h-link__outer style-1305-outer style-local-482-c17-outer d-inline-flex h-element\"><a h-use-smooth-scroll=\"true\" href=\"https:\/\/www.biohof-beyer.de\/\"  data-colibri-id=\"482-c17\" class=\"d-flex w-100 align-items-center h-link style-1305 style-local-482-c17 position-relative\"><!----><span  class=\"h-svg-icon h-link__icon style-1305-icon style-local-482-c17-icon\"><!--Icon by Font Awesome (https:\/\/fontawesome.com)--><svg version=\"1.1\" xmlns=\"http:\/\/www.w3.org\/2000\/svg\" xmlns:xlink=\"http:\/\/www.w3.org\/1999\/xlink\" id=\"star\" viewBox=\"0 0 1664 1896.0833\"><path d=\"M1664 647q0 22-26 48l-363 354 86 500q1 7 1 20 0 21-10.5 35.5T1321 1619q-19 0-40-12l-449-236-449 236q-22 12-40 12-21 0-31.5-14.5T301 1569q0-6 2-20l86-500L25 695Q0 668 0 647q0-37 56-46l502-73L783 73q19-41 49-41t49 41l225 455 502 73q56 9 56 46z\"><\/path><\/svg><\/span>                    <span>Biohof Beyer, Engelhardtsberg<\/span><\/a>\n                    <\/span>\n                  <\/div>\n                <\/div>\n                <div data-colibri-id=\"482-c18\" class=\"h-x-container style-1306 style-local-482-c18 position-relative h-element\">\n                  <!---->\n                  <div class=\"h-x-container-inner style-dynamic-482-c18-group style-1306-spacing style-local-482-c18-spacing\"><span class=\"h-link__outer style-1307-outer style-local-482-c19-outer d-inline-flex h-element\"><a h-use-smooth-scroll=\"true\" href=\"https:\/\/www.ladarer-dorfladen.de\/\"  data-colibri-id=\"482-c19\" class=\"d-flex w-100 align-items-center h-link style-1307 style-local-482-c19 position-relative\"><!----><span  class=\"h-svg-icon h-link__icon style-1307-icon style-local-482-c19-icon\"><!--Icon by Font Awesome (https:\/\/fontawesome.com)--><svg version=\"1.1\" xmlns=\"http:\/\/www.w3.org\/2000\/svg\" xmlns:xlink=\"http:\/\/www.w3.org\/1999\/xlink\" id=\"star\" viewBox=\"0 0 1664 1896.0833\"><path d=\"M1664 647q0 22-26 48l-363 354 86 500q1 7 1 20 0 21-10.5 35.5T1321 1619q-19 0-40-12l-449-236-449 236q-22 12-40 12-21 0-31.5-14.5T301 1569q0-6 2-20l86-500L25 695Q0 668 0 647q0-37 56-46l502-73L783 73q19-41 49-41t49 41l225 455 502 73q56 9 56 46z\"><\/path><\/svg><\/span>                    <span>Ladarer Dorfladen, Unterleinleiter<\/span><\/a>\n                    <\/span>\n                  <\/div>\n                <\/div>\n                <div data-colibri-id=\"482-c20\" class=\"h-x-container style-2745 style-local-482-c20 position-relative h-element\">\n                  <!---->\n                  <div class=\"h-x-container-inner style-dynamic-482-c20-group style-2745-spacing style-local-482-c20-spacing\"><span class=\"h-link__outer style-2746-outer style-local-482-c21-outer d-inline-flex h-element\"><a h-use-smooth-scroll=\"true\" href=\"www.buessingbus.de\"  data-colibri-id=\"482-c21\" class=\"d-flex w-100 align-items-center h-link style-2746 style-local-482-c21 position-relative\"><!----><span  class=\"h-svg-icon h-link__icon style-2746-icon style-local-482-c21-icon\"><!--Icon by Font Awesome (https:\/\/fontawesome.com)--><svg version=\"1.1\" xmlns=\"http:\/\/www.w3.org\/2000\/svg\" xmlns:xlink=\"http:\/\/www.w3.org\/1999\/xlink\" id=\"star\" viewBox=\"0 0 1664 1896.0833\"><path d=\"M1664 647q0 22-26 48l-363 354 86 500q1 7 1 20 0 21-10.5 35.5T1321 1619q-19 0-40-12l-449-236-449 236q-22 12-40 12-21 0-31.5-14.5T301 1569q0-6 2-20l86-500L25 695Q0 668 0 647q0-37 56-46l502-73L783 73q19-41 49-41t49 41l225 455 502 73q56 9 56 46z\"><\/path><\/svg><\/span>                    <span>B\u00fcssing e.V., Forchheim<\/span><\/a>\n                    <\/span>\n                  <\/div>\n                <\/div>\n                <div data-colibri-id=\"482-c24\" class=\"h-x-container style-2838 style-local-482-c24 position-relative h-element\">\n                  <!---->\n                  <div class=\"h-x-container-inner style-dynamic-482-c24-group style-2838-spacing style-local-482-c24-spacing\"><span class=\"h-link__outer style-2839-outer style-local-482-c25-outer d-inline-flex h-element\"><a h-use-smooth-scroll=\"true\" href=\"https:\/\/www.soulbuddies.de\/\"  data-colibri-id=\"482-c25\" class=\"d-flex w-100 align-items-center h-link style-2839 style-local-482-c25 position-relative\"><!----><span  class=\"h-svg-icon h-link__icon style-2839-icon style-local-482-c25-icon\"><!--Icon by Font Awesome (https:\/\/fontawesome.com)--><svg version=\"1.1\" xmlns=\"http:\/\/www.w3.org\/2000\/svg\" xmlns:xlink=\"http:\/\/www.w3.org\/1999\/xlink\" id=\"star\" viewBox=\"0 0 1664 1896.0833\"><path d=\"M1664 647q0 22-26 48l-363 354 86 500q1 7 1 20 0 21-10.5 35.5T1321 1619q-19 0-40-12l-449-236-449 236q-22 12-40 12-21 0-31.5-14.5T301 1569q0-6 2-20l86-500L25 695Q0 668 0 647q0-37 56-46l502-73L783 73q19-41 49-41t49 41l225 455 502 73q56 9 56 46z\"><\/path><\/svg><\/span>                    <span>Soulbuddies e.V., Altdorf<\/span><\/a>\n                    <\/span>\n                  <\/div>\n                <\/div>\n              <\/div>\n            <\/div>\n          <\/div>\n        <\/div>\n      <\/div>\n    <\/div>\n  <\/div>\n<\/div>","protected":false},"excerpt":{"rendered":"<p>Region Markt Wiesenttal Fr\u00e4nkische Schweiz Freunde Musikzentrale N\u00fcrnberg Klappstuhl Kultour Kulttuuritila Nuijamies, Lappeenranta\/Finnland Biohof Beyer, Engelhardtsberg Ladarer Dorfladen, Unterleinleiter B\u00fcssing e.V., Forchheim Soulbuddies e.V., Altdorf<\/p>\n","protected":false},"author":1,"featured_media":0,"parent":0,"menu_order":0,"comment_status":"closed","ping_status":"closed","template":"page-templates\/full-width-page.php","meta":{"footnotes":""},"class_list":["post-482","page","type-page","status-publish","hentry"],"yoast_head":"<!-- This site is optimized with the Yoast SEO plugin v27.4 - https:\/\/yoast.com\/product\/yoast-seo-wordpress\/ -->\n<title>Links - Die Schottersm\u00fchle<\/title>\n<meta name=\"robots\" content=\"index, follow, max-snippet:-1, max-image-preview:large, max-video-preview:-1\" \/>\n<link rel=\"canonical\" href=\"https:\/\/xn--dieschottersmhle-vzb.de\/?page_id=482\" \/>\n<meta property=\"og:locale\" content=\"de_DE\" \/>\n<meta property=\"og:type\" content=\"article\" \/>\n<meta property=\"og:title\" content=\"Links - Die Schottersm\u00fchle\" \/>\n<meta property=\"og:description\" content=\"Region Markt Wiesenttal Fr\u00e4nkische Schweiz Freunde Musikzentrale N\u00fcrnberg Klappstuhl Kultour Kulttuuritila Nuijamies, Lappeenranta\/Finnland Biohof Beyer, Engelhardtsberg Ladarer Dorfladen, Unterleinleiter B\u00fcssing e.V., Forchheim Soulbuddies e.V., Altdorf\" \/>\n<meta property=\"og:url\" content=\"https:\/\/xn--dieschottersmhle-vzb.de\/?page_id=482\" \/>\n<meta property=\"og:site_name\" content=\"Die Schottersm\u00fchle\" \/>\n<meta property=\"article:modified_time\" content=\"2026-01-07T11:13:15+00:00\" \/>\n<meta name=\"twitter:card\" content=\"summary_large_image\" \/>\n<script type=\"application\/ld+json\" class=\"yoast-schema-graph\">{\"@context\":\"https:\\\/\\\/schema.org\",\"@graph\":[{\"@type\":\"WebPage\",\"@id\":\"https:\\\/\\\/xn--dieschottersmhle-vzb.de\\\/?page_id=482\",\"url\":\"https:\\\/\\\/xn--dieschottersmhle-vzb.de\\\/?page_id=482\",\"name\":\"Links - Die Schottersm\u00fchle\",\"isPartOf\":{\"@id\":\"https:\\\/\\\/xn--dieschottersmhle-vzb.de\\\/#website\"},\"datePublished\":\"2021-05-31T15:08:56+00:00\",\"dateModified\":\"2026-01-07T11:13:15+00:00\",\"breadcrumb\":{\"@id\":\"https:\\\/\\\/xn--dieschottersmhle-vzb.de\\\/?page_id=482#breadcrumb\"},\"inLanguage\":\"de\",\"potentialAction\":[{\"@type\":\"ReadAction\",\"target\":[\"https:\\\/\\\/xn--dieschottersmhle-vzb.de\\\/?page_id=482\"]}]},{\"@type\":\"BreadcrumbList\",\"@id\":\"https:\\\/\\\/xn--dieschottersmhle-vzb.de\\\/?page_id=482#breadcrumb\",\"itemListElement\":[{\"@type\":\"ListItem\",\"position\":1,\"name\":\"Startseite\",\"item\":\"https:\\\/\\\/xn--dieschottersmhle-vzb.de\\\/\"},{\"@type\":\"ListItem\",\"position\":2,\"name\":\"Links\"}]},{\"@type\":\"WebSite\",\"@id\":\"https:\\\/\\\/xn--dieschottersmhle-vzb.de\\\/#website\",\"url\":\"https:\\\/\\\/xn--dieschottersmhle-vzb.de\\\/\",\"name\":\"Die Schottersm\u00fchle\",\"description\":\"Kunst, Kultur, Kaffee, Kurse in der Fr\u00e4nkischen Schweiz, im Oberen Wiesenttal\",\"publisher\":{\"@id\":\"https:\\\/\\\/xn--dieschottersmhle-vzb.de\\\/#organization\"},\"potentialAction\":[{\"@type\":\"SearchAction\",\"target\":{\"@type\":\"EntryPoint\",\"urlTemplate\":\"https:\\\/\\\/xn--dieschottersmhle-vzb.de\\\/?s={search_term_string}\"},\"query-input\":{\"@type\":\"PropertyValueSpecification\",\"valueRequired\":true,\"valueName\":\"search_term_string\"}}],\"inLanguage\":\"de\"},{\"@type\":\"Organization\",\"@id\":\"https:\\\/\\\/xn--dieschottersmhle-vzb.de\\\/#organization\",\"name\":\"Die Schottersm\u00fchle\",\"url\":\"https:\\\/\\\/xn--dieschottersmhle-vzb.de\\\/\",\"logo\":{\"@type\":\"ImageObject\",\"inLanguage\":\"de\",\"@id\":\"https:\\\/\\\/xn--dieschottersmhle-vzb.de\\\/#\\\/schema\\\/logo\\\/image\\\/\",\"url\":\"https:\\\/\\\/xn--dieschottersmhle-vzb.de\\\/wp-content\\\/uploads\\\/2022\\\/03\\\/Schottersmuehle-V3.jpg\",\"contentUrl\":\"https:\\\/\\\/xn--dieschottersmhle-vzb.de\\\/wp-content\\\/uploads\\\/2022\\\/03\\\/Schottersmuehle-V3.jpg\",\"width\":1500,\"height\":1500,\"caption\":\"Die Schottersm\u00fchle\"},\"image\":{\"@id\":\"https:\\\/\\\/xn--dieschottersmhle-vzb.de\\\/#\\\/schema\\\/logo\\\/image\\\/\"}}]}<\/script>\n<!-- \/ Yoast SEO plugin. -->","yoast_head_json":{"title":"Links - Die Schottersm\u00fchle","robots":{"index":"index","follow":"follow","max-snippet":"max-snippet:-1","max-image-preview":"max-image-preview:large","max-video-preview":"max-video-preview:-1"},"canonical":"https:\/\/xn--dieschottersmhle-vzb.de\/?page_id=482","og_locale":"de_DE","og_type":"article","og_title":"Links - Die Schottersm\u00fchle","og_description":"Region Markt Wiesenttal Fr\u00e4nkische Schweiz Freunde Musikzentrale N\u00fcrnberg Klappstuhl Kultour Kulttuuritila Nuijamies, Lappeenranta\/Finnland Biohof Beyer, Engelhardtsberg Ladarer Dorfladen, Unterleinleiter B\u00fcssing e.V., Forchheim Soulbuddies e.V., Altdorf","og_url":"https:\/\/xn--dieschottersmhle-vzb.de\/?page_id=482","og_site_name":"Die Schottersm\u00fchle","article_modified_time":"2026-01-07T11:13:15+00:00","twitter_card":"summary_large_image","schema":{"@context":"https:\/\/schema.org","@graph":[{"@type":"WebPage","@id":"https:\/\/xn--dieschottersmhle-vzb.de\/?page_id=482","url":"https:\/\/xn--dieschottersmhle-vzb.de\/?page_id=482","name":"Links - Die Schottersm\u00fchle","isPartOf":{"@id":"https:\/\/xn--dieschottersmhle-vzb.de\/#website"},"datePublished":"2021-05-31T15:08:56+00:00","dateModified":"2026-01-07T11:13:15+00:00","breadcrumb":{"@id":"https:\/\/xn--dieschottersmhle-vzb.de\/?page_id=482#breadcrumb"},"inLanguage":"de","potentialAction":[{"@type":"ReadAction","target":["https:\/\/xn--dieschottersmhle-vzb.de\/?page_id=482"]}]},{"@type":"BreadcrumbList","@id":"https:\/\/xn--dieschottersmhle-vzb.de\/?page_id=482#breadcrumb","itemListElement":[{"@type":"ListItem","position":1,"name":"Startseite","item":"https:\/\/xn--dieschottersmhle-vzb.de\/"},{"@type":"ListItem","position":2,"name":"Links"}]},{"@type":"WebSite","@id":"https:\/\/xn--dieschottersmhle-vzb.de\/#website","url":"https:\/\/xn--dieschottersmhle-vzb.de\/","name":"Die Schottersm\u00fchle","description":"Kunst, Kultur, Kaffee, Kurse in der Fr\u00e4nkischen Schweiz, im Oberen Wiesenttal","publisher":{"@id":"https:\/\/xn--dieschottersmhle-vzb.de\/#organization"},"potentialAction":[{"@type":"SearchAction","target":{"@type":"EntryPoint","urlTemplate":"https:\/\/xn--dieschottersmhle-vzb.de\/?s={search_term_string}"},"query-input":{"@type":"PropertyValueSpecification","valueRequired":true,"valueName":"search_term_string"}}],"inLanguage":"de"},{"@type":"Organization","@id":"https:\/\/xn--dieschottersmhle-vzb.de\/#organization","name":"Die Schottersm\u00fchle","url":"https:\/\/xn--dieschottersmhle-vzb.de\/","logo":{"@type":"ImageObject","inLanguage":"de","@id":"https:\/\/xn--dieschottersmhle-vzb.de\/#\/schema\/logo\/image\/","url":"https:\/\/xn--dieschottersmhle-vzb.de\/wp-content\/uploads\/2022\/03\/Schottersmuehle-V3.jpg","contentUrl":"https:\/\/xn--dieschottersmhle-vzb.de\/wp-content\/uploads\/2022\/03\/Schottersmuehle-V3.jpg","width":1500,"height":1500,"caption":"Die Schottersm\u00fchle"},"image":{"@id":"https:\/\/xn--dieschottersmhle-vzb.de\/#\/schema\/logo\/image\/"}}]}},"_links":{"self":[{"href":"https:\/\/xn--dieschottersmhle-vzb.de\/index.php?rest_route=\/wp\/v2\/pages\/482","targetHints":{"allow":["GET"]}}],"collection":[{"href":"https:\/\/xn--dieschottersmhle-vzb.de\/index.php?rest_route=\/wp\/v2\/pages"}],"about":[{"href":"https:\/\/xn--dieschottersmhle-vzb.de\/index.php?rest_route=\/wp\/v2\/types\/page"}],"author":[{"embeddable":true,"href":"https:\/\/xn--dieschottersmhle-vzb.de\/index.php?rest_route=\/wp\/v2\/users\/1"}],"replies":[{"embeddable":true,"href":"https:\/\/xn--dieschottersmhle-vzb.de\/index.php?rest_route=%2Fwp%2Fv2%2Fcomments&post=482"}],"version-history":[{"count":10,"href":"https:\/\/xn--dieschottersmhle-vzb.de\/index.php?rest_route=\/wp\/v2\/pages\/482\/revisions"}],"predecessor-version":[{"id":4523,"href":"https:\/\/xn--dieschottersmhle-vzb.de\/index.php?rest_route=\/wp\/v2\/pages\/482\/revisions\/4523"}],"wp:attachment":[{"href":"https:\/\/xn--dieschottersmhle-vzb.de\/index.php?rest_route=%2Fwp%2Fv2%2Fmedia&parent=482"}],"curies":[{"name":"wp","href":"https:\/\/api.w.org\/{rel}","templated":true}]}}